{"id":2940,"date":"2024-04-08T03:56:25","date_gmt":"2024-04-08T03:56:25","guid":{"rendered":"https:\/\/nuevo.mtdc.cl\/?page_id=2940"},"modified":"2024-05-24T02:46:24","modified_gmt":"2024-05-24T02:46:24","slug":"vps","status":"publish","type":"page","link":"https:\/\/www.mtdc.cl\/?page_id=2940","title":{"rendered":"VPS"},"content":{"rendered":"\t\t<div data-elementor-type=\"wp-page\" data-elementor-id=\"2940\" class=\"elementor elementor-2940\">\n\t\t\t\t\t\t<section class=\"elementor-section elementor-top-section elementor-element elementor-element-9fd4403 elementor-section-content-middle overflow-hidden pt-md-4 pt-xl-0 elementor-section-boxed elementor-section-height-default elementor-section-height-default\" data-id=\"9fd4403\" data-element_type=\"section\">\r\n\t\t\r\n\t\t\t\t\t\t\t<div class=\"elementor-container elementor-column-gap-default\">\r\n\t\t\t\t\t\t\t\t\t\t\t<div class=\"elementor-column elementor-col-50 elementor-top-column elementor-element elementor-element-2a38639\" data-id=\"2a38639\" data-element_type=\"column\">\r\n\t\t\t\t\t<div class=\"elementor-widget-wrap elementor-element-populated\">\r\n\t\t\t\t\t\t\t\t<div class=\"elementor-element elementor-element-f9732c9 elementor-invisible elementor-widget elementor-widget-heading\" data-id=\"f9732c9\" data-element_type=\"widget\" data-settings=\"{&quot;_animation&quot;:&quot;fadeInUp&quot;,&quot;_animation_delay&quot;:100}\" data-widget_type=\"heading.default\">\n\t\t\t\t<div class=\"elementor-widget-container\">\n\t\t\t<style>\/*! elementor - v3.22.0 - 17-06-2024 *\/\n.elementor-heading-title{padding:0;margin:0;line-height:1}.elementor-widget-heading .elementor-heading-title[class*=elementor-size-]>a{color:inherit;font-size:inherit;line-height:inherit}.elementor-widget-heading .elementor-heading-title.elementor-size-small{font-size:15px}.elementor-widget-heading .elementor-heading-title.elementor-size-medium{font-size:19px}.elementor-widget-heading .elementor-heading-title.elementor-size-large{font-size:29px}.elementor-widget-heading .elementor-heading-title.elementor-size-xl{font-size:39px}.elementor-widget-heading .elementor-heading-title.elementor-size-xxl{font-size:59px}<\/style><h2 class=\"elementor-heading-title elementor-size-default\">VPS<\/h2>\t\t<\/div>\n\t\t\t\t<\/div>\n\t\t\t\t<div class=\"elementor-element elementor-element-ec78ee7 customLineProgressAnim my-3 elementor-widget-divider--view-line elementor-invisible elementor-widget elementor-widget-divider\" data-id=\"ec78ee7\" data-element_type=\"widget\" data-settings=\"{&quot;_animation&quot;:&quot;fadeIn&quot;,&quot;_animation_delay&quot;:300}\" data-widget_type=\"divider.default\">\n\t\t\t\t<div class=\"elementor-widget-container\">\n\t\t\t<style>\/*! elementor - v3.22.0 - 17-06-2024 *\/\n.elementor-widget-divider{--divider-border-style:none;--divider-border-width:1px;--divider-color:#0c0d0e;--divider-icon-size:20px;--divider-element-spacing:10px;--divider-pattern-height:24px;--divider-pattern-size:20px;--divider-pattern-url:none;--divider-pattern-repeat:repeat-x}.elementor-widget-divider .elementor-divider{display:flex}.elementor-widget-divider .elementor-divider__text{font-size:15px;line-height:1;max-width:95%}.elementor-widget-divider .elementor-divider__element{margin:0 var(--divider-element-spacing);flex-shrink:0}.elementor-widget-divider .elementor-icon{font-size:var(--divider-icon-size)}.elementor-widget-divider .elementor-divider-separator{display:flex;margin:0;direction:ltr}.elementor-widget-divider--view-line_icon .elementor-divider-separator,.elementor-widget-divider--view-line_text .elementor-divider-separator{align-items:center}.elementor-widget-divider--view-line_icon .elementor-divider-separator:after,.elementor-widget-divider--view-line_icon .elementor-divider-separator:before,.elementor-widget-divider--view-line_text .elementor-divider-separator:after,.elementor-widget-divider--view-line_text .elementor-divider-separator:before{display:block;content:\"\";border-block-end:0;flex-grow:1;border-block-start:var(--divider-border-width) var(--divider-border-style) var(--divider-color)}.elementor-widget-divider--element-align-left .elementor-divider .elementor-divider-separator>.elementor-divider__svg:first-of-type{flex-grow:0;flex-shrink:100}.elementor-widget-divider--element-align-left .elementor-divider-separator:before{content:none}.elementor-widget-divider--element-align-left .elementor-divider__element{margin-left:0}.elementor-widget-divider--element-align-right .elementor-divider .elementor-divider-separator>.elementor-divider__svg:last-of-type{flex-grow:0;flex-shrink:100}.elementor-widget-divider--element-align-right .elementor-divider-separator:after{content:none}.elementor-widget-divider--element-align-right .elementor-divider__element{margin-right:0}.elementor-widget-divider--element-align-start .elementor-divider .elementor-divider-separator>.elementor-divider__svg:first-of-type{flex-grow:0;flex-shrink:100}.elementor-widget-divider--element-align-start .elementor-divider-separator:before{content:none}.elementor-widget-divider--element-align-start .elementor-divider__element{margin-inline-start:0}.elementor-widget-divider--element-align-end .elementor-divider .elementor-divider-separator>.elementor-divider__svg:last-of-type{flex-grow:0;flex-shrink:100}.elementor-widget-divider--element-align-end .elementor-divider-separator:after{content:none}.elementor-widget-divider--element-align-end .elementor-divider__element{margin-inline-end:0}.elementor-widget-divider:not(.elementor-widget-divider--view-line_text):not(.elementor-widget-divider--view-line_icon) .elementor-divider-separator{border-block-start:var(--divider-border-width) var(--divider-border-style) var(--divider-color)}.elementor-widget-divider--separator-type-pattern{--divider-border-style:none}.elementor-widget-divider--separator-type-pattern.elementor-widget-divider--view-line .elementor-divider-separator,.elementor-widget-divider--separator-type-pattern:not(.elementor-widget-divider--view-line) .elementor-divider-separator:after,.elementor-widget-divider--separator-type-pattern:not(.elementor-widget-divider--view-line) .elementor-divider-separator:before,.elementor-widget-divider--separator-type-pattern:not([class*=elementor-widget-divider--view]) .elementor-divider-separator{width:100%;min-height:var(--divider-pattern-height);-webkit-mask-size:var(--divider-pattern-size) 100%;mask-size:var(--divider-pattern-size) 100%;-webkit-mask-repeat:var(--divider-pattern-repeat);mask-repeat:var(--divider-pattern-repeat);background-color:var(--divider-color);-webkit-mask-image:var(--divider-pattern-url);mask-image:var(--divider-pattern-url)}.elementor-widget-divider--no-spacing{--divider-pattern-size:auto}.elementor-widget-divider--bg-round{--divider-pattern-repeat:round}.rtl .elementor-widget-divider .elementor-divider__text{direction:rtl}.e-con-inner>.elementor-widget-divider,.e-con>.elementor-widget-divider{width:var(--container-widget-width,100%);--flex-grow:var(--container-widget-flex-grow)}<\/style>\t\t<div class=\"elementor-divider\">\n\t\t\t<span class=\"elementor-divider-separator\">\n\t\t\t\t\t\t<\/span>\n\t\t<\/div>\n\t\t\t\t<\/div>\n\t\t\t\t<\/div>\n\t\t\t\t<div class=\"elementor-element elementor-element-7fe79ed mb-4 elementor-invisible elementor-widget elementor-widget-heading\" data-id=\"7fe79ed\" data-element_type=\"widget\" data-settings=\"{&quot;_animation&quot;:&quot;fadeInUp&quot;,&quot;_animation_delay&quot;:450}\" data-widget_type=\"heading.default\">\n\t\t\t\t<div class=\"elementor-widget-container\">\n\t\t\t<p class=\"elementor-heading-title elementor-size-default\">Tenemos planes y configuraciones a la medida tanto como de espacio en disco, como en uso del CPU, la mayor ventaja es que puedes trabajar desde cualquier lugar y ofrecen muchas opciones de personalizaci\u00f3n, Alojada en nuestra infraestructura hiperconvergente. Consulta por nuestros planes.<\/p>\t\t<\/div>\n\t\t\t\t<\/div>\n\t\t\t\t<section class=\"elementor-section elementor-inner-section elementor-element elementor-element-894f0a3 elementor-section-content-middle elementor-section-boxed elementor-section-height-default elementor-section-height-default\" data-id=\"894f0a3\" data-element_type=\"section\">\r\n\t\t\r\n\t\t\t\t\t\t\t<div class=\"elementor-container elementor-column-gap-no\">\r\n\t\t\t\t\t\t\t\t\t\t\t<div class=\"elementor-column elementor-col-100 elementor-inner-column elementor-element elementor-element-b4440e8 custom-view-more\" data-id=\"b4440e8\" data-element_type=\"column\">\r\n\t\t\t\t\t<div class=\"elementor-widget-wrap elementor-element-populated\">\r\n\t\t\t\t\t\t\t\t<div class=\"elementor-element elementor-element-eb6e8fa w-md-max w-auto custom-phone ms-md-4 mb-0  only-left elementor-invisible elementor-widget elementor-widget-porto_info_box\" data-id=\"eb6e8fa\" data-element_type=\"widget\" data-settings=\"{&quot;_animation&quot;:&quot;fadeInLeft&quot;,&quot;_animation_delay&quot;:1500}\" data-widget_type=\"porto_info_box.default\">\n\t\t\t\t<div class=\"elementor-widget-container\">\n\t\t\t<a class=\"porto-sicon-box-link\" href=\"tel:+1234567890\"><div class=\"porto-sicon-box style_1 default-icon\"><div class=\"porto-sicon-default\"><div class=\"porto-just-icon-wrapper porto-icon none\" style=\"margin-right:4px;\"><i class=\"porto-icon-phone-1\"><\/i><\/div><\/div><div class=\"porto-sicon-header\"><h3 class=\"porto-sicon-title\" style=\"\">Llamenos<\/h3><p >+(56) 9 9428 2018<\/p><\/div> <!-- header --><\/div><!-- porto-sicon-box --><\/a>\t\t<\/div>\n\t\t\t\t<\/div>\n\t\t\t\t\t<\/div>\r\n\t\t\t\t<\/div>\r\n\t\t\t\t\t<\/div>\r\n\t\t\t\t<\/section>\r\n\t\t\t\t<section class=\"elementor-section elementor-inner-section elementor-element elementor-element-66bdea7 elementor-section-content-middle elementor-section-boxed elementor-section-height-default elementor-section-height-default\" data-id=\"66bdea7\" data-element_type=\"section\">\r\n\t\t\r\n\t\t\t\t\t\t\t<div class=\"elementor-container elementor-column-gap-no\">\r\n\t\t\t\t\t\t\t\t\t\t\t<div class=\"elementor-column elementor-col-100 elementor-inner-column elementor-element elementor-element-e6aa84d custom-view-more\" data-id=\"e6aa84d\" data-element_type=\"column\">\r\n\t\t\t\t\t<div class=\"elementor-widget-wrap elementor-element-populated\">\r\n\t\t\t\t\t\t\t\t<div class=\"elementor-element elementor-element-fcc1f8f w-md-max w-auto custom-phone ms-md-4 mb-0  only-left elementor-invisible elementor-widget elementor-widget-porto_info_box\" data-id=\"fcc1f8f\" data-element_type=\"widget\" data-settings=\"{&quot;_animation&quot;:&quot;fadeInLeft&quot;,&quot;_animation_delay&quot;:1500}\" data-widget_type=\"porto_info_box.default\">\n\t\t\t\t<div class=\"elementor-widget-container\">\n\t\t\t<a class=\"porto-sicon-box-link\" href=\"tel:+1234567890\"><div class=\"porto-sicon-box style_1 default-icon\"><div class=\"porto-sicon-default\"><div class=\"porto-just-icon-wrapper porto-icon none\" style=\"margin-right:4px;\"><i class=\"porto-icon-phone-1\"><\/i><\/div><\/div><div class=\"porto-sicon-header\"><p >+(56) 22 244 1280<\/p><\/div> <!-- header --><\/div><!-- porto-sicon-box --><\/a>\t\t<\/div>\n\t\t\t\t<\/div>\n\t\t\t\t\t<\/div>\r\n\t\t\t\t<\/div>\r\n\t\t\t\t\t<\/div>\r\n\t\t\t\t<\/section>\r\n\t\t\t\t\t<\/div>\r\n\t\t\t\t<\/div>\r\n\t\t\t\t<div class=\"elementor-column elementor-col-50 elementor-top-column elementor-element elementor-element-bf7ed74 ps-lg-5 pe-5 custom-auto-img\" data-id=\"bf7ed74\" data-element_type=\"column\">\r\n\t\t\t\t\t<div class=\"elementor-widget-wrap elementor-element-populated\">\r\n\t\t\t\t\t\t\t\t<div class=\"elementor-element elementor-element-f608528 elementor-widget elementor-widget-image\" data-id=\"f608528\" data-element_type=\"widget\" data-widget_type=\"image.default\">\n\t\t\t\t<div class=\"elementor-widget-container\">\n\t\t\t<style>\/*! elementor - v3.22.0 - 17-06-2024 *\/\n.elementor-widget-image{text-align:center}.elementor-widget-image a{display:inline-block}.elementor-widget-image a img[src$=\".svg\"]{width:48px}.elementor-widget-image img{vertical-align:middle;display:inline-block}<\/style>\t\t\t\t\t\t\t\t\t\t<img fetchpriority=\"high\" decoding=\"async\" width=\"2560\" height=\"1920\" src=\"https:\/\/www.mtdc.cl\/wp-content\/uploads\/2024\/04\/DSCN8371-scaled.jpg\" class=\"attachment-full size-full wp-image-3193\" alt=\"\" srcset=\"https:\/\/www.mtdc.cl\/wp-content\/uploads\/2024\/04\/DSCN8371-scaled.jpg 2560w, https:\/\/www.mtdc.cl\/wp-content\/uploads\/2024\/04\/DSCN8371-1024x768.jpg 1024w, https:\/\/www.mtdc.cl\/wp-content\/uploads\/2024\/04\/DSCN8371-768x576.jpg 768w, https:\/\/www.mtdc.cl\/wp-content\/uploads\/2024\/04\/DSCN8371-1536x1152.jpg 1536w, https:\/\/www.mtdc.cl\/wp-content\/uploads\/2024\/04\/DSCN8371-2048x1536.jpg 2048w, https:\/\/www.mtdc.cl\/wp-content\/uploads\/2024\/04\/DSCN8371-463x348.jpg 463w, https:\/\/www.mtdc.cl\/wp-content\/uploads\/2024\/04\/DSCN8371-640x480.jpg 640w, https:\/\/www.mtdc.cl\/wp-content\/uploads\/2024\/04\/DSCN8371-400x300.jpg 400w, https:\/\/www.mtdc.cl\/wp-content\/uploads\/2024\/04\/DSCN8371-367x275.jpg 367w\" sizes=\"(max-width: 2560px) 100vw, 2560px\" \/>\t\t\t\t\t\t\t\t\t\t\t\t\t<\/div>\n\t\t\t\t<\/div>\n\t\t\t\t\t<\/div>\r\n\t\t\t\t<\/div>\r\n\t\t\t\t\t<\/div>\r\n\t\t\t\t<\/section>\r\n\t\t\t\t<section class=\"elementor-section elementor-top-section elementor-element elementor-element-48938a2 elementor-section-content-middle elementor-section-boxed elementor-section-height-default elementor-section-height-default\" data-id=\"48938a2\" data-element_type=\"section\">\r\n\t\t\r\n\t\t\t\t\t\t\t<div class=\"elementor-container elementor-column-gap-default\">\r\n\t\t\t\t\t\t\t\t\t\t\t<div class=\"elementor-column elementor-col-33 elementor-top-column elementor-element elementor-element-f2282ba\" data-id=\"f2282ba\" data-element_type=\"column\">\r\n\t\t\t\t\t<div class=\"elementor-widget-wrap elementor-element-populated\">\r\n\t\t\t\t\t\t\t\t<div class=\"elementor-element elementor-element-b53a561 elementor-widget elementor-widget-porto_info_box\" data-id=\"b53a561\" data-element_type=\"widget\" data-widget_type=\"porto_info_box.default\">\n\t\t\t\t<div class=\"elementor-widget-container\">\n\t\t\t<div class=\"porto-sicon-box style_1 top-icon\"><div class=\"porto-sicon-top\"><div class=\"porto-just-icon-wrapper porto-icon square\" style=\"\"><i class=\"porto-icon-magnifier\"><\/i><\/div><\/div><div class=\"porto-sicon-header\"><h4 class=\"porto-sicon-title\" style=\"\">Soporte y Administraci\u00f3n<\/h4><\/div> <!-- header --><div class=\"porto-sicon-description\" style=\"\" ><p>MTDC cuenta con todas las herramientas para administrar y dar soporte a las aplicaciones de misi\u00f3n cr\u00edtica.<\/p><\/div> <!-- description --><\/div><!-- porto-sicon-box -->\t\t<\/div>\n\t\t\t\t<\/div>\n\t\t\t\t\t<\/div>\r\n\t\t\t\t<\/div>\r\n\t\t\t\t<div class=\"elementor-column elementor-col-33 elementor-top-column elementor-element elementor-element-343170e\" data-id=\"343170e\" data-element_type=\"column\">\r\n\t\t\t\t\t<div class=\"elementor-widget-wrap elementor-element-populated\">\r\n\t\t\t\t\t\t\t\t<div class=\"elementor-element elementor-element-8ef6d01 elementor-widget elementor-widget-porto_info_box\" data-id=\"8ef6d01\" data-element_type=\"widget\" data-widget_type=\"porto_info_box.default\">\n\t\t\t\t<div class=\"elementor-widget-container\">\n\t\t\t<div class=\"porto-sicon-box style_1 top-icon\"><div class=\"porto-sicon-top\"><div class=\"porto-just-icon-wrapper porto-icon none\" style=\"\"><i class=\"Simple-Line-Icons-screen-tablet\"><\/i><\/div><\/div><div class=\"porto-sicon-header\"><h4 class=\"porto-sicon-title\" style=\"\">Seguridad<\/h4><\/div> <!-- header --><div class=\"porto-sicon-description\" style=\"\" ><p>Su informaci\u00f3n est\u00e1 protegida y cuenta con respaldos en nuestro datacenter propio con certificaciones de clase mundial.<\/p><\/div> <!-- description --><\/div><!-- porto-sicon-box -->\t\t<\/div>\n\t\t\t\t<\/div>\n\t\t\t\t\t<\/div>\r\n\t\t\t\t<\/div>\r\n\t\t\t\t<div class=\"elementor-column elementor-col-33 elementor-top-column elementor-element elementor-element-168dd15\" data-id=\"168dd15\" data-element_type=\"column\">\r\n\t\t\t\t\t<div class=\"elementor-widget-wrap elementor-element-populated\">\r\n\t\t\t\t\t\t\t\t<div class=\"elementor-element elementor-element-98ad320 elementor-widget elementor-widget-porto_info_box\" data-id=\"98ad320\" data-element_type=\"widget\" data-widget_type=\"porto_info_box.default\">\n\t\t\t\t<div class=\"elementor-widget-container\">\n\t\t\t<div class=\"porto-sicon-box style_1 top-icon\"><div class=\"porto-sicon-top\"><div class=\"porto-just-icon-wrapper porto-icon circle\" style=\"\"><i class=\"Simple-Line-Icons-layers\"><\/i><\/div><\/div><div class=\"porto-sicon-header\"><h4 class=\"porto-sicon-title\" style=\"\">Resplado Energ\u00e9tico<\/h4><\/div> <!-- header --><div class=\"porto-sicon-description\" style=\"\" ><p>Contamos con UPS\u00b4s nivel tope de l\u00ednea de clase mundial m\u00e1s un equipo electr\u00f3geno de alimentaci\u00f3n ininterrumpida.<\/p><\/div> <!-- description --><\/div><!-- porto-sicon-box -->\t\t<\/div>\n\t\t\t\t<\/div>\n\t\t\t\t\t<\/div>\r\n\t\t\t\t<\/div>\r\n\t\t\t\t\t<\/div>\r\n\t\t\t\t<\/section>\r\n\t\t\t\t<section class=\"elementor-section elementor-top-section elementor-element elementor-element-d8ff53f elementor-section-content-middle elementor-section-boxed elementor-section-height-default elementor-section-height-default\" data-id=\"d8ff53f\" data-element_type=\"section\">\r\n\t\t\r\n\t\t\t\t\t\t\t<div class=\"elementor-container elementor-column-gap-default\">\r\n\t\t\t\t\t\t\t\t\t\t\t<div class=\"elementor-column elementor-col-33 elementor-top-column elementor-element elementor-element-9bcd6df\" data-id=\"9bcd6df\" data-element_type=\"column\">\r\n\t\t\t\t\t<div class=\"elementor-widget-wrap elementor-element-populated\">\r\n\t\t\t\t\t\t\t\t<div class=\"elementor-element elementor-element-8259a38 elementor-widget elementor-widget-porto_info_box\" data-id=\"8259a38\" data-element_type=\"widget\" data-widget_type=\"porto_info_box.default\">\n\t\t\t\t<div class=\"elementor-widget-container\">\n\t\t\t<div class=\"porto-sicon-box style_1 top-icon\"><div class=\"porto-sicon-top\"><div class=\"porto-just-icon-wrapper porto-icon circle\" style=\"\"><i class=\"Simple-Line-Icons-feed\"><\/i><\/div><\/div><div class=\"porto-sicon-header\"><h4 class=\"porto-sicon-title\" style=\"\">Resplado Energ\u00e9tico<\/h4><\/div> <!-- header --><div class=\"porto-sicon-description\" style=\"\" ><p>Contamos con UPS\u00b4s nivel tope de l\u00ednea de clase mundial m\u00e1s un equipo electr\u00f3geno de alimentaci\u00f3n ininterrumpida.<\/p><\/div> <!-- description --><\/div><!-- porto-sicon-box -->\t\t<\/div>\n\t\t\t\t<\/div>\n\t\t\t\t\t<\/div>\r\n\t\t\t\t<\/div>\r\n\t\t\t\t<div class=\"elementor-column elementor-col-33 elementor-top-column elementor-element elementor-element-aa61696\" data-id=\"aa61696\" data-element_type=\"column\">\r\n\t\t\t\t\t<div class=\"elementor-widget-wrap elementor-element-populated\">\r\n\t\t\t\t\t\t\t\t<div class=\"elementor-element elementor-element-499550c elementor-widget elementor-widget-porto_info_box\" data-id=\"499550c\" data-element_type=\"widget\" data-widget_type=\"porto_info_box.default\">\n\t\t\t\t<div class=\"elementor-widget-container\">\n\t\t\t<div class=\"porto-sicon-box style_1 top-icon\"><div class=\"porto-sicon-top\"><div class=\"porto-just-icon-wrapper porto-icon none\" style=\"\"><i class=\"Simple-Line-Icons-energy\"><\/i><\/div><\/div><div class=\"porto-sicon-header\"><h4 class=\"porto-sicon-title\" style=\"\">Red Redundante<\/h4><\/div> <!-- header --><div class=\"porto-sicon-description\" style=\"\" ><p>Nuestra Red redundante est\u00e1 compuesto por enlaces simult\u00e1neos de 2 ISP\u00b4realizando un balanceo de carga respaldando de esta manera nuestras conexiones.<\/p><\/div> <!-- description --><\/div><!-- porto-sicon-box -->\t\t<\/div>\n\t\t\t\t<\/div>\n\t\t\t\t\t<\/div>\r\n\t\t\t\t<\/div>\r\n\t\t\t\t<div class=\"elementor-column elementor-col-33 elementor-top-column elementor-element elementor-element-a576d48\" data-id=\"a576d48\" data-element_type=\"column\">\r\n\t\t\t\t\t<div class=\"elementor-widget-wrap elementor-element-populated\">\r\n\t\t\t\t\t\t\t\t<div class=\"elementor-element elementor-element-18afbfe elementor-widget elementor-widget-porto_info_box\" data-id=\"18afbfe\" data-element_type=\"widget\" data-widget_type=\"porto_info_box.default\">\n\t\t\t\t<div class=\"elementor-widget-container\">\n\t\t\t<div class=\"porto-sicon-box style_1 top-icon\"><div class=\"porto-sicon-top\"><div class=\"porto-just-icon-wrapper porto-icon square\" style=\"\"><i class=\"Simple-Line-Icons-screen-desktop\"><\/i><\/div><\/div><div class=\"porto-sicon-header\"><h4 class=\"porto-sicon-title\" style=\"\">Ambiente Controlado<\/h4><\/div> <!-- header --><div class=\"porto-sicon-description\" style=\"\" ><p>Nuestro Datacenter est\u00e1 dise\u00f1ado con las m\u00e1s altas tecnolog\u00edas en aire acondicionado y sensores de humedad lo cual entrega un ambiente \u00f3ptimo de trabajo para nuestros servidores.<\/p><\/div> <!-- description --><\/div><!-- porto-sicon-box -->\t\t<\/div>\n\t\t\t\t<\/div>\n\t\t\t\t\t<\/div>\r\n\t\t\t\t<\/div>\r\n\t\t\t\t\t<\/div>\r\n\t\t\t\t<\/section>\r\n\t\t\t\t<section class=\"elementor-section elementor-top-section elementor-element elementor-element-224f66d py-5 my-0 px-gutter elementor-section-boxed elementor-section-height-default elementor-section-height-default\" data-id=\"224f66d\" data-element_type=\"section\" data-settings=\"{&quot;background_background&quot;:&quot;classic&quot;}\">\r\n\t\t\r\n\t\t\t\t\t\t\t<div class=\"elementor-container elementor-column-gap-default\">\r\n\t\t\t\t\t\t\t\t\t\t\t<div class=\"elementor-column elementor-col-33 elementor-top-column elementor-element elementor-element-beefc9c d-none d-xl-block\" data-id=\"beefc9c\" data-element_type=\"column\">\r\n\t\t\t\t\t<div class=\"elementor-widget-wrap\">\r\n\t\t\t\t\t\t\t\t\t<\/div>\r\n\t\t\t\t<\/div>\r\n\t\t\t\t<div class=\"elementor-column elementor-col-33 elementor-top-column elementor-element elementor-element-2d9aa36 p-t-sm p-b-sm\" data-id=\"2d9aa36\" data-element_type=\"column\">\r\n\t\t\t\t\t<div class=\"elementor-widget-wrap elementor-element-populated\">\r\n\t\t\t\t\t\t\t\t<div class=\"elementor-element elementor-element-95e23c0 mb-3 elementor-image-box-title position-relative elementor-absolute elementor-invisible elementor-widget elementor-widget-heading\" data-id=\"95e23c0\" data-element_type=\"widget\" data-settings=\"{&quot;_animation&quot;:&quot;fadeInUp&quot;,&quot;_animation_delay&quot;:200,&quot;_position&quot;:&quot;absolute&quot;}\" data-widget_type=\"heading.default\">\n\t\t\t\t<div class=\"elementor-widget-container\">\n\t\t\t<h4 class=\"elementor-heading-title elementor-size-default\">Manteng\u00e1monos en contacto<\/h4>\t\t<\/div>\n\t\t\t\t<\/div>\n\t\t\t\t<div class=\"elementor-element elementor-element-8193c47 mb-3 elementor-invisible elementor-widget elementor-widget-heading\" data-id=\"8193c47\" data-element_type=\"widget\" data-settings=\"{&quot;_animation&quot;:&quot;fadeInUp&quot;,&quot;_animation_delay&quot;:600}\" data-widget_type=\"heading.default\">\n\t\t\t\t<div class=\"elementor-widget-container\">\n\t\t\t<h2 class=\"elementor-heading-title elementor-size-default\">HABLEMOS DE LOS SERVICIOS TI QUE NECESITA TU NEGOCIO<\/h2>\t\t<\/div>\n\t\t\t\t<\/div>\n\t\t\t\t<div class=\"elementor-element elementor-element-a34c8b6 mb-0 elementor-invisible elementor-widget elementor-widget-heading\" data-id=\"a34c8b6\" data-element_type=\"widget\" data-settings=\"{&quot;_animation&quot;:&quot;fadeInUp&quot;,&quot;_animation_delay&quot;:1000}\" data-widget_type=\"heading.default\">\n\t\t\t\t<div class=\"elementor-widget-container\">\n\t\t\t<p class=\"elementor-heading-title elementor-size-default\">Entregamos soluci\u00f3n a las necesidades de tu negocio<\/p>\t\t<\/div>\n\t\t\t\t<\/div>\n\t\t\t\t\t<\/div>\r\n\t\t\t\t<\/div>\r\n\t\t\t\t<div class=\"elementor-column elementor-col-33 elementor-top-column elementor-element elementor-element-e58ba78\" data-id=\"e58ba78\" data-element_type=\"column\">\r\n\t\t\t\t\t<div class=\"elementor-widget-wrap elementor-element-populated\">\r\n\t\t\t\t\t\t\t\t<div class=\"elementor-element elementor-element-cbc3151 custom-arrow-icon hash-scroll-wrap m-t-xxs elementor-invisible elementor-widget elementor-widget-porto_button\" data-id=\"cbc3151\" data-element_type=\"widget\" data-settings=\"{&quot;_animation&quot;:&quot;slideInLeft&quot;,&quot;_animation_delay&quot;:1400}\" data-widget_type=\"porto_button.default\">\n\t\t\t\t<div class=\"elementor-widget-container\">\n\t\t\t<a aria-label=\"button\" class=\"btn btn-lg btn-secondary btn-borders border-4 btn-icon btn-icon-right\" href=\"https:\/\/nuevo.mtdc.cl\/?page_id=12\"><span >CONTACTANOS<\/span><i class=\"porto-icon-arrow-forward-right\"><\/i><\/a>\t\t<\/div>\n\t\t\t\t<\/div>\n\t\t\t\t\t<\/div>\r\n\t\t\t\t<\/div>\r\n\t\t\t\t\t<\/div>\r\n\t\t\t\t<\/section>\r\n\t\t\t\t<\/div>\n\t\t","protected":false},"excerpt":{"rendered":"<p>VPS Tenemos planes y configuraciones a la medida tanto como de espacio en disco, como en uso del CPU, la mayor ventaja es que puedes trabajar desde cualquier lugar y ofrecen muchas opciones de personalizaci\u00f3n, Alojada en nuestra infraestructura hiperconvergente. Consulta por nuestros planes. Llamenos +(56) 9 9428 2018 +(56) 22 244 1280 Soporte y [&hellip;]<\/p>\n","protected":false},"author":1,"featured_media":0,"parent":0,"menu_order":0,"comment_status":"closed","ping_status":"closed","template":"","meta":{"_acf_changed":false,"footnotes":""},"class_list":["post-2940","page","type-page","status-publish","hentry"],"acf":[],"_links":{"self":[{"href":"https:\/\/www.mtdc.cl\/index.php?rest_route=\/wp\/v2\/pages\/2940","targetHints":{"allow":["GET"]}}],"collection":[{"href":"https:\/\/www.mtdc.cl\/index.php?rest_route=\/wp\/v2\/pages"}],"about":[{"href":"https:\/\/www.mtdc.cl\/index.php?rest_route=\/wp\/v2\/types\/page"}],"author":[{"embeddable":true,"href":"https:\/\/www.mtdc.cl\/index.php?rest_route=\/wp\/v2\/users\/1"}],"replies":[{"embeddable":true,"href":"https:\/\/www.mtdc.cl\/index.php?rest_route=%2Fwp%2Fv2%2Fcomments&post=2940"}],"version-history":[{"count":7,"href":"https:\/\/www.mtdc.cl\/index.php?rest_route=\/wp\/v2\/pages\/2940\/revisions"}],"predecessor-version":[{"id":3511,"href":"https:\/\/www.mtdc.cl\/index.php?rest_route=\/wp\/v2\/pages\/2940\/revisions\/3511"}],"wp:attachment":[{"href":"https:\/\/www.mtdc.cl\/index.php?rest_route=%2Fwp%2Fv2%2Fmedia&parent=2940"}],"curies":[{"name":"wp","href":"https:\/\/api.w.org\/{rel}","templated":true}]}}