{"id":2947,"date":"2024-04-08T03:57:53","date_gmt":"2024-04-08T03:57:53","guid":{"rendered":"https:\/\/nuevo.mtdc.cl\/?page_id=2947"},"modified":"2024-05-24T02:45:46","modified_gmt":"2024-05-24T02:45:46","slug":"housing","status":"publish","type":"page","link":"https:\/\/www.mtdc.cl\/?page_id=2947","title":{"rendered":"Housing"},"content":{"rendered":"\t\t<div data-elementor-type=\"wp-page\" data-elementor-id=\"2947\" class=\"elementor elementor-2947\">\n\t\t\t\t\t\t<section class=\"elementor-section elementor-top-section elementor-element elementor-element-eaa34f0 elementor-section-content-middle overflow-hidden pt-md-4 pt-xl-0 elementor-section-boxed elementor-section-height-default elementor-section-height-default\" data-id=\"eaa34f0\" data-element_type=\"section\">\r\n\t\t\r\n\t\t\t\t\t\t\t<div class=\"elementor-container elementor-column-gap-default\">\r\n\t\t\t\t\t\t\t\t\t\t\t<div class=\"elementor-column elementor-col-50 elementor-top-column elementor-element elementor-element-0d69718\" data-id=\"0d69718\" data-element_type=\"column\">\r\n\t\t\t\t\t<div class=\"elementor-widget-wrap elementor-element-populated\">\r\n\t\t\t\t\t\t\t\t<div class=\"elementor-element elementor-element-173733e elementor-invisible elementor-widget elementor-widget-heading\" data-id=\"173733e\" data-element_type=\"widget\" data-settings=\"{&quot;_animation&quot;:&quot;fadeInUp&quot;,&quot;_animation_delay&quot;:100}\" data-widget_type=\"heading.default\">\n\t\t\t\t<div class=\"elementor-widget-container\">\n\t\t\t<style>\/*! elementor - v3.22.0 - 17-06-2024 *\/\n.elementor-heading-title{padding:0;margin:0;line-height:1}.elementor-widget-heading .elementor-heading-title[class*=elementor-size-]>a{color:inherit;font-size:inherit;line-height:inherit}.elementor-widget-heading .elementor-heading-title.elementor-size-small{font-size:15px}.elementor-widget-heading .elementor-heading-title.elementor-size-medium{font-size:19px}.elementor-widget-heading .elementor-heading-title.elementor-size-large{font-size:29px}.elementor-widget-heading .elementor-heading-title.elementor-size-xl{font-size:39px}.elementor-widget-heading .elementor-heading-title.elementor-size-xxl{font-size:59px}<\/style><h2 class=\"elementor-heading-title elementor-size-default\">Housing<\/h2>\t\t<\/div>\n\t\t\t\t<\/div>\n\t\t\t\t<div class=\"elementor-element elementor-element-1fab520 customLineProgressAnim my-3 elementor-widget-divider--view-line elementor-invisible elementor-widget elementor-widget-divider\" data-id=\"1fab520\" data-element_type=\"widget\" data-settings=\"{&quot;_animation&quot;:&quot;fadeIn&quot;,&quot;_animation_delay&quot;:300}\" data-widget_type=\"divider.default\">\n\t\t\t\t<div class=\"elementor-widget-container\">\n\t\t\t<style>\/*! elementor - v3.22.0 - 17-06-2024 *\/\n.elementor-widget-divider{--divider-border-style:none;--divider-border-width:1px;--divider-color:#0c0d0e;--divider-icon-size:20px;--divider-element-spacing:10px;--divider-pattern-height:24px;--divider-pattern-size:20px;--divider-pattern-url:none;--divider-pattern-repeat:repeat-x}.elementor-widget-divider .elementor-divider{display:flex}.elementor-widget-divider .elementor-divider__text{font-size:15px;line-height:1;max-width:95%}.elementor-widget-divider .elementor-divider__element{margin:0 var(--divider-element-spacing);flex-shrink:0}.elementor-widget-divider .elementor-icon{font-size:var(--divider-icon-size)}.elementor-widget-divider .elementor-divider-separator{display:flex;margin:0;direction:ltr}.elementor-widget-divider--view-line_icon .elementor-divider-separator,.elementor-widget-divider--view-line_text .elementor-divider-separator{align-items:center}.elementor-widget-divider--view-line_icon .elementor-divider-separator:after,.elementor-widget-divider--view-line_icon .elementor-divider-separator:before,.elementor-widget-divider--view-line_text .elementor-divider-separator:after,.elementor-widget-divider--view-line_text .elementor-divider-separator:before{display:block;content:\"\";border-block-end:0;flex-grow:1;border-block-start:var(--divider-border-width) var(--divider-border-style) var(--divider-color)}.elementor-widget-divider--element-align-left .elementor-divider .elementor-divider-separator>.elementor-divider__svg:first-of-type{flex-grow:0;flex-shrink:100}.elementor-widget-divider--element-align-left .elementor-divider-separator:before{content:none}.elementor-widget-divider--element-align-left .elementor-divider__element{margin-left:0}.elementor-widget-divider--element-align-right .elementor-divider .elementor-divider-separator>.elementor-divider__svg:last-of-type{flex-grow:0;flex-shrink:100}.elementor-widget-divider--element-align-right .elementor-divider-separator:after{content:none}.elementor-widget-divider--element-align-right .elementor-divider__element{margin-right:0}.elementor-widget-divider--element-align-start .elementor-divider .elementor-divider-separator>.elementor-divider__svg:first-of-type{flex-grow:0;flex-shrink:100}.elementor-widget-divider--element-align-start .elementor-divider-separator:before{content:none}.elementor-widget-divider--element-align-start .elementor-divider__element{margin-inline-start:0}.elementor-widget-divider--element-align-end .elementor-divider .elementor-divider-separator>.elementor-divider__svg:last-of-type{flex-grow:0;flex-shrink:100}.elementor-widget-divider--element-align-end .elementor-divider-separator:after{content:none}.elementor-widget-divider--element-align-end .elementor-divider__element{margin-inline-end:0}.elementor-widget-divider:not(.elementor-widget-divider--view-line_text):not(.elementor-widget-divider--view-line_icon) .elementor-divider-separator{border-block-start:var(--divider-border-width) var(--divider-border-style) var(--divider-color)}.elementor-widget-divider--separator-type-pattern{--divider-border-style:none}.elementor-widget-divider--separator-type-pattern.elementor-widget-divider--view-line .elementor-divider-separator,.elementor-widget-divider--separator-type-pattern:not(.elementor-widget-divider--view-line) .elementor-divider-separator:after,.elementor-widget-divider--separator-type-pattern:not(.elementor-widget-divider--view-line) .elementor-divider-separator:before,.elementor-widget-divider--separator-type-pattern:not([class*=elementor-widget-divider--view]) .elementor-divider-separator{width:100%;min-height:var(--divider-pattern-height);-webkit-mask-size:var(--divider-pattern-size) 100%;mask-size:var(--divider-pattern-size) 100%;-webkit-mask-repeat:var(--divider-pattern-repeat);mask-repeat:var(--divider-pattern-repeat);background-color:var(--divider-color);-webkit-mask-image:var(--divider-pattern-url);mask-image:var(--divider-pattern-url)}.elementor-widget-divider--no-spacing{--divider-pattern-size:auto}.elementor-widget-divider--bg-round{--divider-pattern-repeat:round}.rtl .elementor-widget-divider .elementor-divider__text{direction:rtl}.e-con-inner>.elementor-widget-divider,.e-con>.elementor-widget-divider{width:var(--container-widget-width,100%);--flex-grow:var(--container-widget-flex-grow)}<\/style>\t\t<div class=\"elementor-divider\">\n\t\t\t<span class=\"elementor-divider-separator\">\n\t\t\t\t\t\t<\/span>\n\t\t<\/div>\n\t\t\t\t<\/div>\n\t\t\t\t<\/div>\n\t\t\t\t<div class=\"elementor-element elementor-element-6163c4d mb-4 elementor-invisible elementor-widget elementor-widget-heading\" data-id=\"6163c4d\" data-element_type=\"widget\" data-settings=\"{&quot;_animation&quot;:&quot;fadeInUp&quot;,&quot;_animation_delay&quot;:450}\" data-widget_type=\"heading.default\">\n\t\t\t\t<div class=\"elementor-widget-container\">\n\t\t\t<p class=\"elementor-heading-title elementor-size-default\">Es un servicio al que puedes asociar a tu dominio. Si tienes un dominio, lo mas probable es que lo quieras para alojar tus Maquinas Virtuales o tus Aplicativos bajo tu propio dominio. en MTDC tenemos un sistema Hiperconvergente que asegura el Uptime de tus VPS  y aplicaciones OnCloud.<\/p>\t\t<\/div>\n\t\t\t\t<\/div>\n\t\t\t\t<section class=\"elementor-section elementor-inner-section elementor-element elementor-element-fb4e07c elementor-section-content-middle elementor-section-boxed elementor-section-height-default elementor-section-height-default\" data-id=\"fb4e07c\" data-element_type=\"section\">\r\n\t\t\r\n\t\t\t\t\t\t\t<div class=\"elementor-container elementor-column-gap-no\">\r\n\t\t\t\t\t\t\t\t\t\t\t<div class=\"elementor-column elementor-col-100 elementor-inner-column elementor-element elementor-element-022e130 custom-view-more\" data-id=\"022e130\" data-element_type=\"column\">\r\n\t\t\t\t\t<div class=\"elementor-widget-wrap elementor-element-populated\">\r\n\t\t\t\t\t\t\t\t<div class=\"elementor-element elementor-element-a035fbc w-md-max w-auto custom-phone ms-md-4 mb-0  only-left elementor-invisible elementor-widget elementor-widget-porto_info_box\" data-id=\"a035fbc\" data-element_type=\"widget\" data-settings=\"{&quot;_animation&quot;:&quot;fadeInLeft&quot;,&quot;_animation_delay&quot;:1500}\" data-widget_type=\"porto_info_box.default\">\n\t\t\t\t<div class=\"elementor-widget-container\">\n\t\t\t<a class=\"porto-sicon-box-link\" href=\"tel:+1234567890\"><div class=\"porto-sicon-box style_1 default-icon\"><div class=\"porto-sicon-default\"><div class=\"porto-just-icon-wrapper porto-icon none\" style=\"margin-right:4px;\"><i class=\"porto-icon-phone-1\"><\/i><\/div><\/div><div class=\"porto-sicon-header\"><h3 class=\"porto-sicon-title\" style=\"\">Llamenos<\/h3><p >+(56) 9 9428 2018<\/p><\/div> <!-- header --><\/div><!-- porto-sicon-box --><\/a>\t\t<\/div>\n\t\t\t\t<\/div>\n\t\t\t\t\t<\/div>\r\n\t\t\t\t<\/div>\r\n\t\t\t\t\t<\/div>\r\n\t\t\t\t<\/section>\r\n\t\t\t\t<section class=\"elementor-section elementor-inner-section elementor-element elementor-element-881f6e4 elementor-section-content-middle elementor-section-boxed elementor-section-height-default elementor-section-height-default\" data-id=\"881f6e4\" data-element_type=\"section\">\r\n\t\t\r\n\t\t\t\t\t\t\t<div class=\"elementor-container elementor-column-gap-no\">\r\n\t\t\t\t\t\t\t\t\t\t\t<div class=\"elementor-column elementor-col-100 elementor-inner-column elementor-element elementor-element-b23c4d7 custom-view-more\" data-id=\"b23c4d7\" data-element_type=\"column\">\r\n\t\t\t\t\t<div class=\"elementor-widget-wrap elementor-element-populated\">\r\n\t\t\t\t\t\t\t\t<div class=\"elementor-element elementor-element-8f58d96 w-md-max w-auto custom-phone ms-md-4 mb-0  only-left elementor-invisible elementor-widget elementor-widget-porto_info_box\" data-id=\"8f58d96\" data-element_type=\"widget\" data-settings=\"{&quot;_animation&quot;:&quot;fadeInLeft&quot;,&quot;_animation_delay&quot;:1500}\" data-widget_type=\"porto_info_box.default\">\n\t\t\t\t<div class=\"elementor-widget-container\">\n\t\t\t<a class=\"porto-sicon-box-link\" href=\"tel:+1234567890\"><div class=\"porto-sicon-box style_1 default-icon\"><div class=\"porto-sicon-default\"><div class=\"porto-just-icon-wrapper porto-icon none\" style=\"margin-right:4px;\"><i class=\"porto-icon-phone-1\"><\/i><\/div><\/div><div class=\"porto-sicon-header\"><p >+(56) 22 244 1280<\/p><\/div> <!-- header --><\/div><!-- porto-sicon-box --><\/a>\t\t<\/div>\n\t\t\t\t<\/div>\n\t\t\t\t\t<\/div>\r\n\t\t\t\t<\/div>\r\n\t\t\t\t\t<\/div>\r\n\t\t\t\t<\/section>\r\n\t\t\t\t\t<\/div>\r\n\t\t\t\t<\/div>\r\n\t\t\t\t<div class=\"elementor-column elementor-col-50 elementor-top-column elementor-element elementor-element-338c91a ps-lg-5 pe-5 custom-auto-img\" data-id=\"338c91a\" data-element_type=\"column\">\r\n\t\t\t\t\t<div class=\"elementor-widget-wrap elementor-element-populated\">\r\n\t\t\t\t\t\t\t\t<div class=\"elementor-element elementor-element-fbd58ed elementor-widget elementor-widget-image\" data-id=\"fbd58ed\" data-element_type=\"widget\" data-widget_type=\"image.default\">\n\t\t\t\t<div class=\"elementor-widget-container\">\n\t\t\t<style>\/*! elementor - v3.22.0 - 17-06-2024 *\/\n.elementor-widget-image{text-align:center}.elementor-widget-image a{display:inline-block}.elementor-widget-image a img[src$=\".svg\"]{width:48px}.elementor-widget-image img{vertical-align:middle;display:inline-block}<\/style>\t\t\t\t\t\t\t\t\t\t<img fetchpriority=\"high\" decoding=\"async\" width=\"2560\" height=\"1920\" src=\"https:\/\/www.mtdc.cl\/wp-content\/uploads\/2024\/04\/Copy-of-DSCN8389-scaled.jpg\" class=\"attachment-full size-full wp-image-3129\" alt=\"\" srcset=\"https:\/\/www.mtdc.cl\/wp-content\/uploads\/2024\/04\/Copy-of-DSCN8389-scaled.jpg 2560w, https:\/\/www.mtdc.cl\/wp-content\/uploads\/2024\/04\/Copy-of-DSCN8389-1024x768.jpg 1024w, https:\/\/www.mtdc.cl\/wp-content\/uploads\/2024\/04\/Copy-of-DSCN8389-768x576.jpg 768w, https:\/\/www.mtdc.cl\/wp-content\/uploads\/2024\/04\/Copy-of-DSCN8389-1536x1152.jpg 1536w, https:\/\/www.mtdc.cl\/wp-content\/uploads\/2024\/04\/Copy-of-DSCN8389-2048x1536.jpg 2048w, https:\/\/www.mtdc.cl\/wp-content\/uploads\/2024\/04\/Copy-of-DSCN8389-463x348.jpg 463w, https:\/\/www.mtdc.cl\/wp-content\/uploads\/2024\/04\/Copy-of-DSCN8389-640x480.jpg 640w, https:\/\/www.mtdc.cl\/wp-content\/uploads\/2024\/04\/Copy-of-DSCN8389-400x300.jpg 400w, https:\/\/www.mtdc.cl\/wp-content\/uploads\/2024\/04\/Copy-of-DSCN8389-367x275.jpg 367w\" sizes=\"(max-width: 2560px) 100vw, 2560px\" \/>\t\t\t\t\t\t\t\t\t\t\t\t\t<\/div>\n\t\t\t\t<\/div>\n\t\t\t\t\t<\/div>\r\n\t\t\t\t<\/div>\r\n\t\t\t\t\t<\/div>\r\n\t\t\t\t<\/section>\r\n\t\t\t\t<section class=\"elementor-section elementor-top-section elementor-element elementor-element-186aa4c elementor-section-content-middle elementor-section-boxed elementor-section-height-default elementor-section-height-default\" data-id=\"186aa4c\" data-element_type=\"section\">\r\n\t\t\r\n\t\t\t\t\t\t\t<div class=\"elementor-container elementor-column-gap-default\">\r\n\t\t\t\t\t\t\t\t\t\t\t<div class=\"elementor-column elementor-col-33 elementor-top-column elementor-element elementor-element-cd88e02\" data-id=\"cd88e02\" data-element_type=\"column\">\r\n\t\t\t\t\t<div class=\"elementor-widget-wrap elementor-element-populated\">\r\n\t\t\t\t\t\t\t\t<div class=\"elementor-element elementor-element-1228c95 elementor-widget elementor-widget-porto_info_box\" data-id=\"1228c95\" data-element_type=\"widget\" data-widget_type=\"porto_info_box.default\">\n\t\t\t\t<div class=\"elementor-widget-container\">\n\t\t\t<div class=\"porto-sicon-box style_1 top-icon\"><div class=\"porto-sicon-top\"><div class=\"porto-just-icon-wrapper porto-icon square\" style=\"\"><i class=\"porto-icon-magnifier\"><\/i><\/div><\/div><div class=\"porto-sicon-header\"><h4 class=\"porto-sicon-title\" style=\"\">Soporte y Administraci\u00f3n<\/h4><\/div> <!-- header --><div class=\"porto-sicon-description\" style=\"\" ><p>MTDC cuenta con todas las herramientas para administrar y dar soporte a las aplicaciones de misi\u00f3n cr\u00edtica.<\/p><\/div> <!-- description --><\/div><!-- porto-sicon-box -->\t\t<\/div>\n\t\t\t\t<\/div>\n\t\t\t\t\t<\/div>\r\n\t\t\t\t<\/div>\r\n\t\t\t\t<div class=\"elementor-column elementor-col-33 elementor-top-column elementor-element elementor-element-cef606f\" data-id=\"cef606f\" data-element_type=\"column\">\r\n\t\t\t\t\t<div class=\"elementor-widget-wrap elementor-element-populated\">\r\n\t\t\t\t\t\t\t\t<div class=\"elementor-element elementor-element-e92b5e7 elementor-widget elementor-widget-porto_info_box\" data-id=\"e92b5e7\" data-element_type=\"widget\" data-widget_type=\"porto_info_box.default\">\n\t\t\t\t<div class=\"elementor-widget-container\">\n\t\t\t<div class=\"porto-sicon-box style_1 top-icon\"><div class=\"porto-sicon-top\"><div class=\"porto-just-icon-wrapper porto-icon none\" style=\"\"><i class=\"Simple-Line-Icons-screen-tablet\"><\/i><\/div><\/div><div class=\"porto-sicon-header\"><h4 class=\"porto-sicon-title\" style=\"\">Seguridad<\/h4><\/div> <!-- header --><div class=\"porto-sicon-description\" style=\"\" ><p>Su informaci\u00f3n est\u00e1 protegida y cuenta con respaldos en nuestro datacenter propio con certificaciones de clase mundial.<\/p><\/div> <!-- description --><\/div><!-- porto-sicon-box -->\t\t<\/div>\n\t\t\t\t<\/div>\n\t\t\t\t\t<\/div>\r\n\t\t\t\t<\/div>\r\n\t\t\t\t<div class=\"elementor-column elementor-col-33 elementor-top-column elementor-element elementor-element-aa28d11\" data-id=\"aa28d11\" data-element_type=\"column\">\r\n\t\t\t\t\t<div class=\"elementor-widget-wrap elementor-element-populated\">\r\n\t\t\t\t\t\t\t\t<div class=\"elementor-element elementor-element-71e44a6 elementor-widget elementor-widget-porto_info_box\" data-id=\"71e44a6\" data-element_type=\"widget\" data-widget_type=\"porto_info_box.default\">\n\t\t\t\t<div class=\"elementor-widget-container\">\n\t\t\t<div class=\"porto-sicon-box style_1 top-icon\"><div class=\"porto-sicon-top\"><div class=\"porto-just-icon-wrapper porto-icon circle\" style=\"\"><i class=\"Simple-Line-Icons-layers\"><\/i><\/div><\/div><div class=\"porto-sicon-header\"><h4 class=\"porto-sicon-title\" style=\"\">Resplado Energ\u00e9tico<\/h4><\/div> <!-- header --><div class=\"porto-sicon-description\" style=\"\" ><p>Contamos con UPS\u00b4s nivel tope de l\u00ednea de clase mundial m\u00e1s un equipo electr\u00f3geno de alimentaci\u00f3n ininterrumpida.<\/p><\/div> <!-- description --><\/div><!-- porto-sicon-box -->\t\t<\/div>\n\t\t\t\t<\/div>\n\t\t\t\t\t<\/div>\r\n\t\t\t\t<\/div>\r\n\t\t\t\t\t<\/div>\r\n\t\t\t\t<\/section>\r\n\t\t\t\t<section class=\"elementor-section elementor-top-section elementor-element elementor-element-e777774 elementor-section-content-middle elementor-section-boxed elementor-section-height-default elementor-section-height-default\" data-id=\"e777774\" data-element_type=\"section\">\r\n\t\t\r\n\t\t\t\t\t\t\t<div class=\"elementor-container elementor-column-gap-default\">\r\n\t\t\t\t\t\t\t\t\t\t\t<div class=\"elementor-column elementor-col-33 elementor-top-column elementor-element elementor-element-2f010bd\" data-id=\"2f010bd\" data-element_type=\"column\">\r\n\t\t\t\t\t<div class=\"elementor-widget-wrap elementor-element-populated\">\r\n\t\t\t\t\t\t\t\t<div class=\"elementor-element elementor-element-4988e5d elementor-widget elementor-widget-porto_info_box\" data-id=\"4988e5d\" data-element_type=\"widget\" data-widget_type=\"porto_info_box.default\">\n\t\t\t\t<div class=\"elementor-widget-container\">\n\t\t\t<div class=\"porto-sicon-box style_1 top-icon\"><div class=\"porto-sicon-top\"><div class=\"porto-just-icon-wrapper porto-icon circle\" style=\"\"><i class=\"Simple-Line-Icons-feed\"><\/i><\/div><\/div><div class=\"porto-sicon-header\"><h4 class=\"porto-sicon-title\" style=\"\">Resplado Energ\u00e9tico<\/h4><\/div> <!-- header --><div class=\"porto-sicon-description\" style=\"\" ><p>Contamos con UPS\u00b4s nivel tope de l\u00ednea de clase mundial m\u00e1s un equipo electr\u00f3geno de alimentaci\u00f3n ininterrumpida.<\/p><\/div> <!-- description --><\/div><!-- porto-sicon-box -->\t\t<\/div>\n\t\t\t\t<\/div>\n\t\t\t\t\t<\/div>\r\n\t\t\t\t<\/div>\r\n\t\t\t\t<div class=\"elementor-column elementor-col-33 elementor-top-column elementor-element elementor-element-484f5f1\" data-id=\"484f5f1\" data-element_type=\"column\">\r\n\t\t\t\t\t<div class=\"elementor-widget-wrap elementor-element-populated\">\r\n\t\t\t\t\t\t\t\t<div class=\"elementor-element elementor-element-888a004 elementor-widget elementor-widget-porto_info_box\" data-id=\"888a004\" data-element_type=\"widget\" data-widget_type=\"porto_info_box.default\">\n\t\t\t\t<div class=\"elementor-widget-container\">\n\t\t\t<div class=\"porto-sicon-box style_1 top-icon\"><div class=\"porto-sicon-top\"><div class=\"porto-just-icon-wrapper porto-icon none\" style=\"\"><i class=\"Simple-Line-Icons-energy\"><\/i><\/div><\/div><div class=\"porto-sicon-header\"><h4 class=\"porto-sicon-title\" style=\"\">Red Redundante<\/h4><\/div> <!-- header --><div class=\"porto-sicon-description\" style=\"\" ><p>Nuestra Red redundante est\u00e1 compuesto por enlaces simult\u00e1neos de 2 ISP\u00b4realizando un balanceo de carga respaldando de esta manera nuestras conexiones.<\/p><\/div> <!-- description --><\/div><!-- porto-sicon-box -->\t\t<\/div>\n\t\t\t\t<\/div>\n\t\t\t\t\t<\/div>\r\n\t\t\t\t<\/div>\r\n\t\t\t\t<div class=\"elementor-column elementor-col-33 elementor-top-column elementor-element elementor-element-93cd1de\" data-id=\"93cd1de\" data-element_type=\"column\">\r\n\t\t\t\t\t<div class=\"elementor-widget-wrap elementor-element-populated\">\r\n\t\t\t\t\t\t\t\t<div class=\"elementor-element elementor-element-14d4c79 elementor-widget elementor-widget-porto_info_box\" data-id=\"14d4c79\" data-element_type=\"widget\" data-widget_type=\"porto_info_box.default\">\n\t\t\t\t<div class=\"elementor-widget-container\">\n\t\t\t<div class=\"porto-sicon-box style_1 top-icon\"><div class=\"porto-sicon-top\"><div class=\"porto-just-icon-wrapper porto-icon square\" style=\"\"><i class=\"Simple-Line-Icons-screen-desktop\"><\/i><\/div><\/div><div class=\"porto-sicon-header\"><h4 class=\"porto-sicon-title\" style=\"\">Ambiente Controlado<\/h4><\/div> <!-- header --><div class=\"porto-sicon-description\" style=\"\" ><p>Nuestro Datacenter est\u00e1 dise\u00f1ado con las m\u00e1s altas tecnolog\u00edas en aire acondicionado y sensores de humedad lo cual entrega un ambiente \u00f3ptimo de trabajo para nuestros servidores.<\/p><\/div> <!-- description --><\/div><!-- porto-sicon-box -->\t\t<\/div>\n\t\t\t\t<\/div>\n\t\t\t\t\t<\/div>\r\n\t\t\t\t<\/div>\r\n\t\t\t\t\t<\/div>\r\n\t\t\t\t<\/section>\r\n\t\t\t\t<section class=\"elementor-section elementor-top-section elementor-element elementor-element-0edf88a py-5 my-0 px-gutter elementor-section-boxed elementor-section-height-default elementor-section-height-default\" data-id=\"0edf88a\" data-element_type=\"section\" data-settings=\"{&quot;background_background&quot;:&quot;classic&quot;}\">\r\n\t\t\r\n\t\t\t\t\t\t\t<div class=\"elementor-container elementor-column-gap-default\">\r\n\t\t\t\t\t\t\t\t\t\t\t<div class=\"elementor-column elementor-col-33 elementor-top-column elementor-element elementor-element-c3cbd03 d-none d-xl-block\" data-id=\"c3cbd03\" data-element_type=\"column\">\r\n\t\t\t\t\t<div class=\"elementor-widget-wrap\">\r\n\t\t\t\t\t\t\t\t\t<\/div>\r\n\t\t\t\t<\/div>\r\n\t\t\t\t<div class=\"elementor-column elementor-col-33 elementor-top-column elementor-element elementor-element-f7243a7 p-t-sm p-b-sm\" data-id=\"f7243a7\" data-element_type=\"column\">\r\n\t\t\t\t\t<div class=\"elementor-widget-wrap elementor-element-populated\">\r\n\t\t\t\t\t\t\t\t<div class=\"elementor-element elementor-element-7e923c9 mb-3 elementor-image-box-title position-relative elementor-absolute elementor-invisible elementor-widget elementor-widget-heading\" data-id=\"7e923c9\" data-element_type=\"widget\" data-settings=\"{&quot;_animation&quot;:&quot;fadeInUp&quot;,&quot;_animation_delay&quot;:200,&quot;_position&quot;:&quot;absolute&quot;}\" data-widget_type=\"heading.default\">\n\t\t\t\t<div class=\"elementor-widget-container\">\n\t\t\t<h4 class=\"elementor-heading-title elementor-size-default\">Manteng\u00e1monos en contacto<\/h4>\t\t<\/div>\n\t\t\t\t<\/div>\n\t\t\t\t<div class=\"elementor-element elementor-element-b677447 mb-3 elementor-invisible elementor-widget elementor-widget-heading\" data-id=\"b677447\" data-element_type=\"widget\" data-settings=\"{&quot;_animation&quot;:&quot;fadeInUp&quot;,&quot;_animation_delay&quot;:600}\" data-widget_type=\"heading.default\">\n\t\t\t\t<div class=\"elementor-widget-container\">\n\t\t\t<h2 class=\"elementor-heading-title elementor-size-default\">HABLEMOS DE LOS SERVICIOS TI QUE NECESITA TU NEGOCIO<\/h2>\t\t<\/div>\n\t\t\t\t<\/div>\n\t\t\t\t<div class=\"elementor-element elementor-element-3f6913e mb-0 elementor-invisible elementor-widget elementor-widget-heading\" data-id=\"3f6913e\" data-element_type=\"widget\" data-settings=\"{&quot;_animation&quot;:&quot;fadeInUp&quot;,&quot;_animation_delay&quot;:1000}\" data-widget_type=\"heading.default\">\n\t\t\t\t<div class=\"elementor-widget-container\">\n\t\t\t<p class=\"elementor-heading-title elementor-size-default\">Entregamos soluci\u00f3n a las necesidades de tu negocio<\/p>\t\t<\/div>\n\t\t\t\t<\/div>\n\t\t\t\t\t<\/div>\r\n\t\t\t\t<\/div>\r\n\t\t\t\t<div class=\"elementor-column elementor-col-33 elementor-top-column elementor-element elementor-element-b687bc7\" data-id=\"b687bc7\" data-element_type=\"column\">\r\n\t\t\t\t\t<div class=\"elementor-widget-wrap elementor-element-populated\">\r\n\t\t\t\t\t\t\t\t<div class=\"elementor-element elementor-element-ae876e4 custom-arrow-icon hash-scroll-wrap m-t-xxs elementor-invisible elementor-widget elementor-widget-porto_button\" data-id=\"ae876e4\" data-element_type=\"widget\" data-settings=\"{&quot;_animation&quot;:&quot;slideInLeft&quot;,&quot;_animation_delay&quot;:1400}\" data-widget_type=\"porto_button.default\">\n\t\t\t\t<div class=\"elementor-widget-container\">\n\t\t\t<a aria-label=\"button\" class=\"btn btn-lg btn-secondary btn-borders border-4 btn-icon btn-icon-right\" href=\"https:\/\/nuevo.mtdc.cl\/?page_id=12\"><span >CONTACTANOS<\/span><i class=\"porto-icon-arrow-forward-right\"><\/i><\/a>\t\t<\/div>\n\t\t\t\t<\/div>\n\t\t\t\t\t<\/div>\r\n\t\t\t\t<\/div>\r\n\t\t\t\t\t<\/div>\r\n\t\t\t\t<\/section>\r\n\t\t\t\t<\/div>\n\t\t","protected":false},"excerpt":{"rendered":"<p>Housing Es un servicio al que puedes asociar a tu dominio. Si tienes un dominio, lo mas probable es que lo quieras para alojar tus Maquinas Virtuales o tus Aplicativos bajo tu propio dominio. en MTDC tenemos un sistema Hiperconvergente que asegura el Uptime de tus VPS y aplicaciones OnCloud. Llamenos +(56) 9 9428 2018 [&hellip;]<\/p>\n","protected":false},"author":1,"featured_media":0,"parent":0,"menu_order":0,"comment_status":"closed","ping_status":"closed","template":"","meta":{"_acf_changed":false,"footnotes":""},"class_list":["post-2947","page","type-page","status-publish","hentry"],"acf":[],"_links":{"self":[{"href":"https:\/\/www.mtdc.cl\/index.php?rest_route=\/wp\/v2\/pages\/2947","targetHints":{"allow":["GET"]}}],"collection":[{"href":"https:\/\/www.mtdc.cl\/index.php?rest_route=\/wp\/v2\/pages"}],"about":[{"href":"https:\/\/www.mtdc.cl\/index.php?rest_route=\/wp\/v2\/types\/page"}],"author":[{"embeddable":true,"href":"https:\/\/www.mtdc.cl\/index.php?rest_route=\/wp\/v2\/users\/1"}],"replies":[{"embeddable":true,"href":"https:\/\/www.mtdc.cl\/index.php?rest_route=%2Fwp%2Fv2%2Fcomments&post=2947"}],"version-history":[{"count":10,"href":"https:\/\/www.mtdc.cl\/index.php?rest_route=\/wp\/v2\/pages\/2947\/revisions"}],"predecessor-version":[{"id":3508,"href":"https:\/\/www.mtdc.cl\/index.php?rest_route=\/wp\/v2\/pages\/2947\/revisions\/3508"}],"wp:attachment":[{"href":"https:\/\/www.mtdc.cl\/index.php?rest_route=%2Fwp%2Fv2%2Fmedia&parent=2947"}],"curies":[{"name":"wp","href":"https:\/\/api.w.org\/{rel}","templated":true}]}}