{"id":2949,"date":"2024-04-08T03:58:10","date_gmt":"2024-04-08T03:58:10","guid":{"rendered":"https:\/\/nuevo.mtdc.cl\/?page_id=2949"},"modified":"2024-05-24T02:45:20","modified_gmt":"2024-05-24T02:45:20","slug":"virtualizacion-erp","status":"publish","type":"page","link":"https:\/\/www.mtdc.cl\/?page_id=2949","title":{"rendered":"Virtualizaci\u00f3n ERP"},"content":{"rendered":"\t\t<div data-elementor-type=\"wp-page\" data-elementor-id=\"2949\" class=\"elementor elementor-2949\">\n\t\t\t\t<div class=\"elementor-element elementor-element-8b95fd5 e-flex e-con-boxed e-con e-parent\" data-id=\"8b95fd5\" data-element_type=\"container\">\n\t\t\t\t\t<div class=\"e-con-inner\">\n\t\t\t\t<div class=\"elementor-element elementor-element-4d688a7 elementor-widget elementor-widget-heading\" data-id=\"4d688a7\" data-element_type=\"widget\" data-widget_type=\"heading.default\">\n\t\t\t\t<div class=\"elementor-widget-container\">\n\t\t\t<style>\/*! elementor - v3.22.0 - 17-06-2024 *\/\n.elementor-heading-title{padding:0;margin:0;line-height:1}.elementor-widget-heading .elementor-heading-title[class*=elementor-size-]>a{color:inherit;font-size:inherit;line-height:inherit}.elementor-widget-heading .elementor-heading-title.elementor-size-small{font-size:15px}.elementor-widget-heading .elementor-heading-title.elementor-size-medium{font-size:19px}.elementor-widget-heading .elementor-heading-title.elementor-size-large{font-size:29px}.elementor-widget-heading .elementor-heading-title.elementor-size-xl{font-size:39px}.elementor-widget-heading .elementor-heading-title.elementor-size-xxl{font-size:59px}<\/style><h2 class=\"elementor-heading-title elementor-size-default\">SOLUCIONES TI PARA SU EMPRESA<\/h2>\t\t<\/div>\n\t\t\t\t<\/div>\n\t\t\t\t\t<\/div>\n\t\t\t\t<\/div>\n\t\t<div class=\"elementor-element elementor-element-4624bfc e-flex e-con-boxed e-con e-parent\" data-id=\"4624bfc\" data-element_type=\"container\">\n\t\t\t\t\t<div class=\"e-con-inner\">\n\t\t<div class=\"elementor-element elementor-element-58b56d1 e-con-full e-flex e-con e-child\" data-id=\"58b56d1\" data-element_type=\"container\">\n\t\t\t\t<div class=\"elementor-element elementor-element-2e67b73 elementor-invisible elementor-widget elementor-widget-image\" data-id=\"2e67b73\" data-element_type=\"widget\" data-settings=\"{&quot;_animation&quot;:&quot;bounceIn&quot;}\" data-widget_type=\"image.default\">\n\t\t\t\t<div class=\"elementor-widget-container\">\n\t\t\t<style>\/*! elementor - v3.22.0 - 17-06-2024 *\/\n.elementor-widget-image{text-align:center}.elementor-widget-image a{display:inline-block}.elementor-widget-image a img[src$=\".svg\"]{width:48px}.elementor-widget-image img{vertical-align:middle;display:inline-block}<\/style>\t\t\t\t\t\t\t\t\t\t<img fetchpriority=\"high\" decoding=\"async\" width=\"1024\" height=\"683\" src=\"https:\/\/www.mtdc.cl\/wp-content\/uploads\/2024\/04\/ERP-1024x683.jpeg\" class=\"attachment-large size-large wp-image-3330\" alt=\"\" srcset=\"https:\/\/www.mtdc.cl\/wp-content\/uploads\/2024\/04\/ERP-1024x683.jpeg 1024w, https:\/\/www.mtdc.cl\/wp-content\/uploads\/2024\/04\/ERP-768x512.jpeg 768w, https:\/\/www.mtdc.cl\/wp-content\/uploads\/2024\/04\/ERP-640x427.jpeg 640w, https:\/\/www.mtdc.cl\/wp-content\/uploads\/2024\/04\/ERP-400x267.jpeg 400w, https:\/\/www.mtdc.cl\/wp-content\/uploads\/2024\/04\/ERP-367x245.jpeg 367w\" sizes=\"(max-width: 1024px) 100vw, 1024px\" \/>\t\t\t\t\t\t\t\t\t\t\t\t\t<\/div>\n\t\t\t\t<\/div>\n\t\t\t\t<\/div>\n\t\t<div class=\"elementor-element elementor-element-d30d063 e-con-full e-flex e-con e-child\" data-id=\"d30d063\" data-element_type=\"container\">\n\t\t\t\t<div class=\"elementor-element elementor-element-4357212 elementor-widget elementor-widget-text-editor\" data-id=\"4357212\" data-element_type=\"widget\" data-widget_type=\"text-editor.default\">\n\t\t\t\t<div class=\"elementor-widget-container\">\n\t\t\t<style>\/*! elementor - v3.22.0 - 17-06-2024 *\/\n.elementor-widget-text-editor.elementor-drop-cap-view-stacked .elementor-drop-cap{background-color:#69727d;color:#fff}.elementor-widget-text-editor.elementor-drop-cap-view-framed .elementor-drop-cap{color:#69727d;border:3px solid;background-color:transparent}.elementor-widget-text-editor:not(.elementor-drop-cap-view-default) .elementor-drop-cap{margin-top:8px}.elementor-widget-text-editor:not(.elementor-drop-cap-view-default) .elementor-drop-cap-letter{width:1em;height:1em}.elementor-widget-text-editor .elementor-drop-cap{float:left;text-align:center;line-height:1;font-size:50px}.elementor-widget-text-editor .elementor-drop-cap-letter{display:inline-block}<\/style>\t\t\t\t<p>MTDC SpA es especialista en la virtualizaci\u00f3n de sistemas ERP, tenemos cientos de clientes que han migrado desde sus instalaciones, sus servidores f\u00edsicos para agregarlos a nuestra infraestructura, ya sea mediante HOUSING o VIRTUALIZACI\u00d3N. Somos expertos en migraciones de SOFTLAND.<\/p><p>Las principales ventajas del uso de la virtualizaci\u00f3n de servidores son:<\/p><p>\u2022 El gasto en hardware se reduce debido a que esta tecnolog\u00eda permite alojar varios servidores virtuales en un \u00fanico servidor f\u00edsico.<\/p><p>\u2022 Los sistemas \u201cvirtualizados\u201d son sencillos de controlar una vez configurados, por lo que a\u00f1adir un nuevo servidor es mucho m\u00e1s r\u00e1pido que la instalaci\u00f3n de un nuevo servidor f\u00edsico.<\/p><p>\u2022 La disponibilidad y continuidad del negocio es m\u00e1s r\u00e1pida y econ\u00f3mica pues se necesitan menos servidores f\u00edsicos para garantizar una respuesta adecuada ante \u201cfallos y desastres\u201d.<\/p><p>\u2022 Menores costos de gesti\u00f3n y mantenimiento del hardware.<\/p>\t\t\t\t\t\t<\/div>\n\t\t\t\t<\/div>\n\t\t\t\t<\/div>\n\t\t\t\t\t<\/div>\n\t\t\t\t<\/div>\n\t\t<div class=\"elementor-element elementor-element-b52f000 e-flex e-con-boxed e-con e-parent\" data-id=\"b52f000\" data-element_type=\"container\">\n\t\t\t\t\t<div class=\"e-con-inner\">\n\t\t<div class=\"elementor-element elementor-element-ecff79f e-con-full e-flex e-con e-child\" data-id=\"ecff79f\" data-element_type=\"container\">\n\t\t\t\t<div class=\"elementor-element elementor-element-9ca0bc1 elementor-widget elementor-widget-text-editor\" data-id=\"9ca0bc1\" data-element_type=\"widget\" data-widget_type=\"text-editor.default\">\n\t\t\t\t<div class=\"elementor-widget-container\">\n\t\t\t\t\t\t\t<p>Una de las principales caracter\u00edsticas de la virtualizaci\u00f3n de servidores es reducir y compartir los recursos de TI. Esto ayuda a ahorrar dinero, mejorar tiempos de respuesta y optimizar el uso de los procesadores.<\/p><p>La virtualizaci\u00f3n de servidores tambi\u00e9n ayuda a optimizar el almacenamiento y la manera de utilizar los servidores y otros recursos inform\u00e1ticos. Los servidores se van a utilizar aprovechando al m\u00e1ximo su capacidad, pues se podr\u00e1n ejecutar m\u00faltiples aplicaciones sin penalizar el rendimiento, minimizando tiempo de inactividad y maximizando su productividad.<\/p><p>MTDC SpA es especialista en la implantaci\u00f3n de estas soluciones. Le podemos ayudar a encontrar la mejor soluci\u00f3n para su empresa. Para m\u00e1s informaci\u00f3n, no dude en ponerse en contacto con nosotros.<\/p>\t\t\t\t\t\t<\/div>\n\t\t\t\t<\/div>\n\t\t\t\t<\/div>\n\t\t<div class=\"elementor-element elementor-element-f2e84b5 e-con-full e-flex e-con e-child\" data-id=\"f2e84b5\" data-element_type=\"container\">\n\t\t\t\t<div class=\"elementor-element elementor-element-20ba833 elementor-invisible elementor-widget elementor-widget-image\" data-id=\"20ba833\" data-element_type=\"widget\" data-settings=\"{&quot;_animation&quot;:&quot;zoomInRight&quot;}\" data-widget_type=\"image.default\">\n\t\t\t\t<div class=\"elementor-widget-container\">\n\t\t\t\t\t\t\t\t\t\t\t\t\t<img decoding=\"async\" width=\"595\" height=\"412\" src=\"https:\/\/www.mtdc.cl\/wp-content\/uploads\/2024\/04\/sofland.png\" class=\"attachment-large size-large wp-image-3331\" alt=\"\" srcset=\"https:\/\/www.mtdc.cl\/wp-content\/uploads\/2024\/04\/sofland.png 595w, https:\/\/www.mtdc.cl\/wp-content\/uploads\/2024\/04\/sofland-400x277.png 400w, https:\/\/www.mtdc.cl\/wp-content\/uploads\/2024\/04\/sofland-367x254.png 367w\" sizes=\"(max-width: 595px) 100vw, 595px\" \/>\t\t\t\t\t\t\t\t\t\t\t\t\t<\/div>\n\t\t\t\t<\/div>\n\t\t\t\t<\/div>\n\t\t\t\t\t<\/div>\n\t\t\t\t<\/div>\n\t\t\t\t<section class=\"elementor-section elementor-top-section elementor-element elementor-element-8c5808f py-5 my-0 px-gutter elementor-section-boxed elementor-section-height-default elementor-section-height-default\" data-id=\"8c5808f\" data-element_type=\"section\" data-settings=\"{&quot;background_background&quot;:&quot;classic&quot;}\">\r\n\t\t\r\n\t\t\t\t\t\t\t<div class=\"elementor-container elementor-column-gap-default\">\r\n\t\t\t\t\t\t\t\t\t\t\t<div class=\"elementor-column elementor-col-33 elementor-top-column elementor-element elementor-element-be9696e d-none d-xl-block\" data-id=\"be9696e\" data-element_type=\"column\">\r\n\t\t\t\t\t<div class=\"elementor-widget-wrap\">\r\n\t\t\t\t\t\t\t\t\t<\/div>\r\n\t\t\t\t<\/div>\r\n\t\t\t\t<div class=\"elementor-column elementor-col-33 elementor-top-column elementor-element elementor-element-6cce64b p-t-sm p-b-sm\" data-id=\"6cce64b\" data-element_type=\"column\">\r\n\t\t\t\t\t<div class=\"elementor-widget-wrap elementor-element-populated\">\r\n\t\t\t\t\t\t\t\t<div class=\"elementor-element elementor-element-c92e1c3 mb-3 elementor-image-box-title position-relative elementor-absolute elementor-invisible elementor-widget elementor-widget-heading\" data-id=\"c92e1c3\" data-element_type=\"widget\" data-settings=\"{&quot;_animation&quot;:&quot;fadeInUp&quot;,&quot;_animation_delay&quot;:200,&quot;_position&quot;:&quot;absolute&quot;}\" data-widget_type=\"heading.default\">\n\t\t\t\t<div class=\"elementor-widget-container\">\n\t\t\t<h4 class=\"elementor-heading-title elementor-size-default\">Manteng\u00e1monos en contacto<\/h4>\t\t<\/div>\n\t\t\t\t<\/div>\n\t\t\t\t<div class=\"elementor-element elementor-element-0e959f5 mb-3 elementor-invisible elementor-widget elementor-widget-heading\" data-id=\"0e959f5\" data-element_type=\"widget\" data-settings=\"{&quot;_animation&quot;:&quot;fadeInUp&quot;,&quot;_animation_delay&quot;:600}\" data-widget_type=\"heading.default\">\n\t\t\t\t<div class=\"elementor-widget-container\">\n\t\t\t<h2 class=\"elementor-heading-title elementor-size-default\">HABLEMOS DE LOS SERVICIOS TI QUE NECESITA TU NEGOCIO<\/h2>\t\t<\/div>\n\t\t\t\t<\/div>\n\t\t\t\t<div class=\"elementor-element elementor-element-84748e8 mb-0 elementor-invisible elementor-widget elementor-widget-heading\" data-id=\"84748e8\" data-element_type=\"widget\" data-settings=\"{&quot;_animation&quot;:&quot;fadeInUp&quot;,&quot;_animation_delay&quot;:1000}\" data-widget_type=\"heading.default\">\n\t\t\t\t<div class=\"elementor-widget-container\">\n\t\t\t<p class=\"elementor-heading-title elementor-size-default\">Entregamos soluci\u00f3n a las necesidades de tu negocio<\/p>\t\t<\/div>\n\t\t\t\t<\/div>\n\t\t\t\t\t<\/div>\r\n\t\t\t\t<\/div>\r\n\t\t\t\t<div class=\"elementor-column elementor-col-33 elementor-top-column elementor-element elementor-element-a9693e4\" data-id=\"a9693e4\" data-element_type=\"column\">\r\n\t\t\t\t\t<div class=\"elementor-widget-wrap elementor-element-populated\">\r\n\t\t\t\t\t\t\t\t<div class=\"elementor-element elementor-element-048e5c5 custom-arrow-icon hash-scroll-wrap m-t-xxs elementor-invisible elementor-widget elementor-widget-porto_button\" data-id=\"048e5c5\" data-element_type=\"widget\" data-settings=\"{&quot;_animation&quot;:&quot;slideInLeft&quot;,&quot;_animation_delay&quot;:1400}\" data-widget_type=\"porto_button.default\">\n\t\t\t\t<div class=\"elementor-widget-container\">\n\t\t\t<a aria-label=\"button\" class=\"btn btn-lg btn-secondary btn-borders border-4 btn-icon btn-icon-right\" href=\"https:\/\/nuevo.mtdc.cl\/?page_id=12\"><span >CONTACTANOS<\/span><i class=\"porto-icon-arrow-forward-right\"><\/i><\/a>\t\t<\/div>\n\t\t\t\t<\/div>\n\t\t\t\t\t<\/div>\r\n\t\t\t\t<\/div>\r\n\t\t\t\t\t<\/div>\r\n\t\t\t\t<\/section>\r\n\t\t\t\t<\/div>\n\t\t","protected":false},"excerpt":{"rendered":"<p>SOLUCIONES TI PARA SU EMPRESA MTDC SpA es especialista en la virtualizaci\u00f3n de sistemas ERP, tenemos cientos de clientes que han migrado desde sus instalaciones, sus servidores f\u00edsicos para agregarlos a nuestra infraestructura, ya sea mediante HOUSING o VIRTUALIZACI\u00d3N. Somos expertos en migraciones de SOFTLAND. Las principales ventajas del uso de la virtualizaci\u00f3n de servidores [&hellip;]<\/p>\n","protected":false},"author":1,"featured_media":0,"parent":0,"menu_order":0,"comment_status":"closed","ping_status":"closed","template":"","meta":{"_acf_changed":false,"footnotes":""},"class_list":["post-2949","page","type-page","status-publish","hentry"],"acf":[],"_links":{"self":[{"href":"https:\/\/www.mtdc.cl\/index.php?rest_route=\/wp\/v2\/pages\/2949","targetHints":{"allow":["GET"]}}],"collection":[{"href":"https:\/\/www.mtdc.cl\/index.php?rest_route=\/wp\/v2\/pages"}],"about":[{"href":"https:\/\/www.mtdc.cl\/index.php?rest_route=\/wp\/v2\/types\/page"}],"author":[{"embeddable":true,"href":"https:\/\/www.mtdc.cl\/index.php?rest_route=\/wp\/v2\/users\/1"}],"replies":[{"embeddable":true,"href":"https:\/\/www.mtdc.cl\/index.php?rest_route=%2Fwp%2Fv2%2Fcomments&post=2949"}],"version-history":[{"count":7,"href":"https:\/\/www.mtdc.cl\/index.php?rest_route=\/wp\/v2\/pages\/2949\/revisions"}],"predecessor-version":[{"id":3505,"href":"https:\/\/www.mtdc.cl\/index.php?rest_route=\/wp\/v2\/pages\/2949\/revisions\/3505"}],"wp:attachment":[{"href":"https:\/\/www.mtdc.cl\/index.php?rest_route=%2Fwp%2Fv2%2Fmedia&parent=2949"}],"curies":[{"name":"wp","href":"https:\/\/api.w.org\/{rel}","templated":true}]}}