{"id":2951,"date":"2024-04-08T03:58:30","date_gmt":"2024-04-08T03:58:30","guid":{"rendered":"https:\/\/nuevo.mtdc.cl\/?page_id=2951"},"modified":"2024-05-24T14:02:48","modified_gmt":"2024-05-24T14:02:48","slug":"datacenter","status":"publish","type":"page","link":"https:\/\/www.mtdc.cl\/?page_id=2951","title":{"rendered":"DataCenter"},"content":{"rendered":"\t\t<div data-elementor-type=\"wp-page\" data-elementor-id=\"2951\" class=\"elementor elementor-2951\">\n\t\t\t\t<div class=\"elementor-element elementor-element-d2d546b e-flex e-con-boxed e-con e-parent\" data-id=\"d2d546b\" data-element_type=\"container\">\n\t\t\t\t\t<div class=\"e-con-inner\">\n\t\t\t\t<div class=\"elementor-element elementor-element-52a6a36 elementor-widget elementor-widget-heading\" data-id=\"52a6a36\" data-element_type=\"widget\" data-widget_type=\"heading.default\">\n\t\t\t\t<div class=\"elementor-widget-container\">\n\t\t\t<style>\/*! elementor - v3.22.0 - 17-06-2024 *\/\n.elementor-heading-title{padding:0;margin:0;line-height:1}.elementor-widget-heading .elementor-heading-title[class*=elementor-size-]>a{color:inherit;font-size:inherit;line-height:inherit}.elementor-widget-heading .elementor-heading-title.elementor-size-small{font-size:15px}.elementor-widget-heading .elementor-heading-title.elementor-size-medium{font-size:19px}.elementor-widget-heading .elementor-heading-title.elementor-size-large{font-size:29px}.elementor-widget-heading .elementor-heading-title.elementor-size-xl{font-size:39px}.elementor-widget-heading .elementor-heading-title.elementor-size-xxl{font-size:59px}<\/style><h1 class=\"elementor-heading-title elementor-size-default\">DATACENTER MTDC<\/h1>\t\t<\/div>\n\t\t\t\t<\/div>\n\t\t\t\t\t<\/div>\n\t\t\t\t<\/div>\n\t\t<div class=\"elementor-element elementor-element-1925db4 e-flex e-con-boxed e-con e-parent\" data-id=\"1925db4\" data-element_type=\"container\">\n\t\t\t\t\t<div class=\"e-con-inner\">\n\t\t\t\t<div class=\"elementor-element elementor-element-7d5d430 elementor-widget elementor-widget-text-editor\" data-id=\"7d5d430\" data-element_type=\"widget\" data-widget_type=\"text-editor.default\">\n\t\t\t\t<div class=\"elementor-widget-container\">\n\t\t\t<style>\/*! elementor - v3.22.0 - 17-06-2024 *\/\n.elementor-widget-text-editor.elementor-drop-cap-view-stacked .elementor-drop-cap{background-color:#69727d;color:#fff}.elementor-widget-text-editor.elementor-drop-cap-view-framed .elementor-drop-cap{color:#69727d;border:3px solid;background-color:transparent}.elementor-widget-text-editor:not(.elementor-drop-cap-view-default) .elementor-drop-cap{margin-top:8px}.elementor-widget-text-editor:not(.elementor-drop-cap-view-default) .elementor-drop-cap-letter{width:1em;height:1em}.elementor-widget-text-editor .elementor-drop-cap{float:left;text-align:center;line-height:1;font-size:50px}.elementor-widget-text-editor .elementor-drop-cap-letter{display:inline-block}<\/style>\t\t\t\t<p><strong>MTDC<\/strong> No s\u00f3lo es infraestructura Cloud que est\u00e9 disponible para usted, sino tambi\u00e9n, un equipo humano que lo ayudara y asesorara en todos los requerimientos de TI.<\/p><p>Nuestros niveles de servicio en infraestructura y soporte, se ajustan a las necesidades y las demandas que requiera su negocio hoy. Para esto, <strong>MTDC<\/strong> cuenta con distintos planes de servicios Cloud que le otorgan la flexibilidad y elasticidad, apoyados en tecnolog\u00eda est\u00e1ndar de industria y de clase mundial para atender sus requerimientos de Cloud, ya sean Hosting, Housing, IaaS (Infraestructura como Servicio), PaaS (Plataforma como Servicio) y SaaS (Software como Servicio).<\/p>\t\t\t\t\t\t<\/div>\n\t\t\t\t<\/div>\n\t\t\t\t\t<\/div>\n\t\t\t\t<\/div>\n\t\t\t\t<div class=\"porto-full-no-gap elementor-section elementor-top-section elementor-element elementor-element-d94f112 elementor-section-full_width parallax-banner elementor-section-height-default elementor-section-height-default\" data-id=\"d94f112\" data-element_type=\"section\" data-settings=\"{&quot;background_background&quot;:&quot;classic&quot;}\">\r\n\t\t\r\n\t\t\t\t\t\t\t<div class=\"elementor-container elementor-column-gap-no\">\r\n\t\t\t\t\t\t\t\t\t\t\t<div class=\"elementor-column elementor-col-50 elementor-top-column elementor-element elementor-element-8beafaf\" data-id=\"8beafaf\" data-element_type=\"column\">\r\n\t\t\t\t\t<div class=\"elementor-widget-wrap elementor-element-populated\">\r\n\t\t\t\t\t\t\t\t<div data-plugin-parallax=\"\" data-plugin-options=\"{&quot;speed&quot;: 1.5}\" class=\"elementor-section elementor-inner-section elementor-element elementor-element-13d2a8d elementor-section-boxed elementor-section-height-default elementor-section-height-default\" data-id=\"13d2a8d\" data-element_type=\"section\" data-settings=\"{&quot;background_background&quot;:&quot;classic&quot;}\">\r\n\t\t\r\n\t\t\t\t\t\t\t<div class=\"elementor-container elementor-column-gap-default\">\r\n\t\t\t\t\t\t\t\t\t\t\t<div class=\"elementor-column elementor-col-100 elementor-inner-column elementor-element elementor-element-aa0103d\" data-id=\"aa0103d\" data-element_type=\"column\">\r\n\t\t\t\t\t<div class=\"elementor-widget-wrap\">\r\n\t\t\t\t\t\t\t\t\t<\/div>\r\n\t\t\t\t<\/div>\r\n\t\t\t\t\t<\/div>\r\n\t\t\t\t<\/div>\r\n\t\t\t\t\t<\/div>\r\n\t\t\t\t<\/div>\r\n\t\t\t\t<div class=\"elementor-column elementor-col-50 elementor-top-column elementor-element elementor-element-19b6a49\" data-id=\"19b6a49\" data-element_type=\"column\" data-settings=\"{&quot;background_background&quot;:&quot;classic&quot;}\">\r\n\t\t\t\t\t<div class=\"col-half-section col-fullwidth-md elementor-widget-wrap elementor-element-populated\">\r\n\t\t\t\t\t\t\t\t<div class=\"elementor-element elementor-element-a63fd65 ml-lg-5 elementor-widget__width-initial elementor-widget elementor-widget-porto_ultimate_heading\" data-id=\"a63fd65\" data-element_type=\"widget\" data-widget_type=\"porto_ultimate_heading.default\">\n\t\t\t\t<div class=\"elementor-widget-container\">\n\t\t\t<div class=\"porto-u-heading  porto-u-7859\"><div class=\"porto-u-main-heading\"><h3    style=\"margin-bottom: 16px;\">SERVIDORES<\/h3><\/div><div class=\"porto-u-sub-heading\" style=\"\"><div class=\"pb-2 mb-4\"><p>En MTDC contamos con una infraestructura de Servidores Tope de l\u00ednea de primer nivel, los cuales est\u00e1n dentro de una configuraci\u00f3n de Hiperconvergencia, configuraci\u00f3n la cual nos brinda escalabilidad en todo nivel.<\/p><\/div><\/div><style>.porto-u-7859.porto-u-heading{text-align:inherit}<\/style><\/div>\t\t<\/div>\n\t\t\t\t<\/div>\n\t\t\t\t\t<\/div>\r\n\t\t\t\t<\/div>\r\n\t\t\t\t\t<\/div>\r\n\t\t\t\t<\/div>\r\n\t\t\t\t<div class=\"porto-full-no-gap elementor-section elementor-top-section elementor-element elementor-element-470ec0b elementor-section-full_width elementor-section-height-default elementor-section-height-default\" data-id=\"470ec0b\" data-element_type=\"section\" data-settings=\"{&quot;background_background&quot;:&quot;classic&quot;}\">\r\n\t\t\r\n\t\t\t\t\t\t\t<div class=\"elementor-container elementor-column-gap-no\">\r\n\t\t\t\t\t\t\t\t\t\t\t<div class=\"elementor-column elementor-col-50 elementor-top-column elementor-element elementor-element-375ee06 order-lg-last\" data-id=\"375ee06\" data-element_type=\"column\">\r\n\t\t\t\t\t<div class=\"elementor-widget-wrap elementor-element-populated\">\r\n\t\t\t\t\t\t\t\t<div data-plugin-parallax=\"\" data-plugin-options=\"{&quot;speed&quot;: 1.5}\" class=\"elementor-section elementor-inner-section elementor-element elementor-element-d97cef5 elementor-section-boxed elementor-section-height-default elementor-section-height-default\" data-id=\"d97cef5\" data-element_type=\"section\" data-settings=\"{&quot;background_background&quot;:&quot;classic&quot;}\">\r\n\t\t\r\n\t\t\t\t\t\t\t<div class=\"elementor-container elementor-column-gap-default\">\r\n\t\t\t\t\t\t\t\t\t\t\t<div class=\"elementor-column elementor-col-100 elementor-inner-column elementor-element elementor-element-bea86ea\" data-id=\"bea86ea\" data-element_type=\"column\">\r\n\t\t\t\t\t<div class=\"elementor-widget-wrap\">\r\n\t\t\t\t\t\t\t\t\t<\/div>\r\n\t\t\t\t<\/div>\r\n\t\t\t\t\t<\/div>\r\n\t\t\t\t<\/div>\r\n\t\t\t\t\t<\/div>\r\n\t\t\t\t<\/div>\r\n\t\t\t\t<div class=\"elementor-column elementor-col-50 elementor-top-column elementor-element elementor-element-cb09935\" data-id=\"cb09935\" data-element_type=\"column\" data-settings=\"{&quot;background_background&quot;:&quot;classic&quot;}\">\r\n\t\t\t\t\t<div class=\"col-half-section col-half-section-right col-fullwidth-md elementor-widget-wrap elementor-element-populated\">\r\n\t\t\t\t\t\t\t\t<div class=\"elementor-element elementor-element-74f0c40 ml-lg-auto mr-lg-5 elementor-widget__width-initial elementor-widget elementor-widget-porto_ultimate_heading\" data-id=\"74f0c40\" data-element_type=\"widget\" data-widget_type=\"porto_ultimate_heading.default\">\n\t\t\t\t<div class=\"elementor-widget-container\">\n\t\t\t<div class=\"porto-u-heading  porto-u-1503\"><div class=\"porto-u-main-heading\"><h3    style=\"margin-bottom: 16px;\">RESPALDO ENERGETICO<\/h3><\/div><div class=\"porto-u-sub-heading\" style=\"\"><p>Contamos con UPS\u00b4s nivel tope de l\u00ednea de clase mundial m\u00e1s un equipo electr\u00f3geno de alimentaci\u00f3n ininterrumpida.<\/p><\/div><style>.porto-u-1503.porto-u-heading{text-align:inherit}<\/style><\/div>\t\t<\/div>\n\t\t\t\t<\/div>\n\t\t\t\t\t<\/div>\r\n\t\t\t\t<\/div>\r\n\t\t\t\t\t<\/div>\r\n\t\t\t\t<\/div>\r\n\t\t\t\t<div class=\"porto-full-no-gap elementor-section elementor-top-section elementor-element elementor-element-3d5712b elementor-section-full_width parallax-banner elementor-section-height-default elementor-section-height-default\" data-id=\"3d5712b\" data-element_type=\"section\" data-settings=\"{&quot;background_background&quot;:&quot;classic&quot;}\">\r\n\t\t\r\n\t\t\t\t\t\t\t<div class=\"elementor-container elementor-column-gap-no\">\r\n\t\t\t\t\t\t\t\t\t\t\t<div class=\"elementor-column elementor-col-50 elementor-top-column elementor-element elementor-element-5f82993\" data-id=\"5f82993\" data-element_type=\"column\">\r\n\t\t\t\t\t<div class=\"elementor-widget-wrap elementor-element-populated\">\r\n\t\t\t\t\t\t\t\t<div data-plugin-parallax=\"\" data-plugin-options=\"{&quot;speed&quot;: 1.5}\" class=\"elementor-section elementor-inner-section elementor-element elementor-element-e0cf110 elementor-section-boxed elementor-section-height-default elementor-section-height-default\" data-id=\"e0cf110\" data-element_type=\"section\" data-settings=\"{&quot;background_background&quot;:&quot;classic&quot;}\">\r\n\t\t\r\n\t\t\t\t\t\t\t<div class=\"elementor-container elementor-column-gap-default\">\r\n\t\t\t\t\t\t\t\t\t\t\t<div class=\"elementor-column elementor-col-100 elementor-inner-column elementor-element elementor-element-6fdfaba\" data-id=\"6fdfaba\" data-element_type=\"column\">\r\n\t\t\t\t\t<div class=\"elementor-widget-wrap\">\r\n\t\t\t\t\t\t\t\t\t<\/div>\r\n\t\t\t\t<\/div>\r\n\t\t\t\t\t<\/div>\r\n\t\t\t\t<\/div>\r\n\t\t\t\t\t<\/div>\r\n\t\t\t\t<\/div>\r\n\t\t\t\t<div class=\"elementor-column elementor-col-50 elementor-top-column elementor-element elementor-element-8605121\" data-id=\"8605121\" data-element_type=\"column\" data-settings=\"{&quot;background_background&quot;:&quot;classic&quot;}\">\r\n\t\t\t\t\t<div class=\"col-half-section col-fullwidth-md elementor-widget-wrap elementor-element-populated\">\r\n\t\t\t\t\t\t\t\t<div class=\"elementor-element elementor-element-1a33e3e ml-lg-5 elementor-widget__width-initial elementor-widget elementor-widget-porto_ultimate_heading\" data-id=\"1a33e3e\" data-element_type=\"widget\" data-widget_type=\"porto_ultimate_heading.default\">\n\t\t\t\t<div class=\"elementor-widget-container\">\n\t\t\t<div class=\"porto-u-heading  porto-u-5602\"><div class=\"porto-u-main-heading\"><h3    style=\"margin-bottom: 16px;\">INFRAESTRUCUTRA<\/h3><\/div><div class=\"porto-u-sub-heading\" style=\"\"><p>En MTDC contamos con una infraestructura de Servidores Tope de l\u00ednea de primer nivel, los cuales est\u00e1n dentro de una configuraci\u00f3n de Hiperconvergencia, configuraci\u00f3n la cual nos brinda escalabilidad en todo nivel.<\/p><\/div><style>.porto-u-5602.porto-u-heading{text-align:inherit}<\/style><\/div>\t\t<\/div>\n\t\t\t\t<\/div>\n\t\t\t\t\t<\/div>\r\n\t\t\t\t<\/div>\r\n\t\t\t\t\t<\/div>\r\n\t\t\t\t<\/div>\r\n\t\t\t\t<section class=\"elementor-section elementor-top-section elementor-element elementor-element-3347848 py-5 my-0 px-gutter elementor-section-boxed elementor-section-height-default elementor-section-height-default\" data-id=\"3347848\" data-element_type=\"section\" data-settings=\"{&quot;background_background&quot;:&quot;classic&quot;}\">\r\n\t\t\r\n\t\t\t\t\t\t\t<div class=\"elementor-container elementor-column-gap-default\">\r\n\t\t\t\t\t\t\t\t\t\t\t<div class=\"elementor-column elementor-col-33 elementor-top-column elementor-element elementor-element-96f9fd9 d-none d-xl-block\" data-id=\"96f9fd9\" data-element_type=\"column\">\r\n\t\t\t\t\t<div class=\"elementor-widget-wrap\">\r\n\t\t\t\t\t\t\t\t\t<\/div>\r\n\t\t\t\t<\/div>\r\n\t\t\t\t<div class=\"elementor-column elementor-col-33 elementor-top-column elementor-element elementor-element-df5e7ef p-t-sm p-b-sm\" data-id=\"df5e7ef\" data-element_type=\"column\">\r\n\t\t\t\t\t<div class=\"elementor-widget-wrap elementor-element-populated\">\r\n\t\t\t\t\t\t\t\t<div class=\"elementor-element elementor-element-e629f55 mb-3 elementor-image-box-title position-relative elementor-absolute elementor-invisible elementor-widget elementor-widget-heading\" data-id=\"e629f55\" data-element_type=\"widget\" data-settings=\"{&quot;_animation&quot;:&quot;fadeInUp&quot;,&quot;_animation_delay&quot;:200,&quot;_position&quot;:&quot;absolute&quot;}\" data-widget_type=\"heading.default\">\n\t\t\t\t<div class=\"elementor-widget-container\">\n\t\t\t<h4 class=\"elementor-heading-title elementor-size-default\">Manteng\u00e1monos en contacto<\/h4>\t\t<\/div>\n\t\t\t\t<\/div>\n\t\t\t\t<div class=\"elementor-element elementor-element-0e06646 mb-3 elementor-invisible elementor-widget elementor-widget-heading\" data-id=\"0e06646\" data-element_type=\"widget\" data-settings=\"{&quot;_animation&quot;:&quot;fadeInUp&quot;,&quot;_animation_delay&quot;:600}\" data-widget_type=\"heading.default\">\n\t\t\t\t<div class=\"elementor-widget-container\">\n\t\t\t<h2 class=\"elementor-heading-title elementor-size-default\">HABLEMOS DE LOS SERVICIOS TI QUE NECESITA TU NEGOCIO<\/h2>\t\t<\/div>\n\t\t\t\t<\/div>\n\t\t\t\t<div class=\"elementor-element elementor-element-4449c15 mb-0 elementor-invisible elementor-widget elementor-widget-heading\" data-id=\"4449c15\" data-element_type=\"widget\" data-settings=\"{&quot;_animation&quot;:&quot;fadeInUp&quot;,&quot;_animation_delay&quot;:1000}\" data-widget_type=\"heading.default\">\n\t\t\t\t<div class=\"elementor-widget-container\">\n\t\t\t<p class=\"elementor-heading-title elementor-size-default\">Entregamos soluci\u00f3n a las necesidades de tu negocio<\/p>\t\t<\/div>\n\t\t\t\t<\/div>\n\t\t\t\t\t<\/div>\r\n\t\t\t\t<\/div>\r\n\t\t\t\t<div class=\"elementor-column elementor-col-33 elementor-top-column elementor-element elementor-element-dd996f2\" data-id=\"dd996f2\" data-element_type=\"column\">\r\n\t\t\t\t\t<div class=\"elementor-widget-wrap elementor-element-populated\">\r\n\t\t\t\t\t\t\t\t<div class=\"elementor-element elementor-element-98ca6e0 custom-arrow-icon hash-scroll-wrap m-t-xxs elementor-invisible elementor-widget elementor-widget-porto_button\" data-id=\"98ca6e0\" data-element_type=\"widget\" data-settings=\"{&quot;_animation&quot;:&quot;slideInLeft&quot;,&quot;_animation_delay&quot;:1400}\" data-widget_type=\"porto_button.default\">\n\t\t\t\t<div class=\"elementor-widget-container\">\n\t\t\t<a aria-label=\"button\" class=\"btn btn-lg btn-secondary btn-borders border-4 btn-icon btn-icon-right\" href=\"https:\/\/nuevo.mtdc.cl\/?page_id=12\"><span >CONTACTANOS<\/span><i class=\"porto-icon-arrow-forward-right\"><\/i><\/a>\t\t<\/div>\n\t\t\t\t<\/div>\n\t\t\t\t\t<\/div>\r\n\t\t\t\t<\/div>\r\n\t\t\t\t\t<\/div>\r\n\t\t\t\t<\/section>\r\n\t\t\t\t<\/div>\n\t\t","protected":false},"excerpt":{"rendered":"<p>DATACENTER MTDC MTDC No s\u00f3lo es infraestructura Cloud que est\u00e9 disponible para usted, sino tambi\u00e9n, un equipo humano que lo ayudara y asesorara en todos los requerimientos de TI. Nuestros niveles de servicio en infraestructura y soporte, se ajustan a las necesidades y las demandas que requiera su negocio hoy. Para esto, MTDC cuenta con [&hellip;]<\/p>\n","protected":false},"author":1,"featured_media":0,"parent":0,"menu_order":0,"comment_status":"closed","ping_status":"closed","template":"","meta":{"_acf_changed":false,"footnotes":""},"class_list":["post-2951","page","type-page","status-publish","hentry"],"acf":[],"_links":{"self":[{"href":"https:\/\/www.mtdc.cl\/index.php?rest_route=\/wp\/v2\/pages\/2951","targetHints":{"allow":["GET"]}}],"collection":[{"href":"https:\/\/www.mtdc.cl\/index.php?rest_route=\/wp\/v2\/pages"}],"about":[{"href":"https:\/\/www.mtdc.cl\/index.php?rest_route=\/wp\/v2\/types\/page"}],"author":[{"embeddable":true,"href":"https:\/\/www.mtdc.cl\/index.php?rest_route=\/wp\/v2\/users\/1"}],"replies":[{"embeddable":true,"href":"https:\/\/www.mtdc.cl\/index.php?rest_route=%2Fwp%2Fv2%2Fcomments&post=2951"}],"version-history":[{"count":25,"href":"https:\/\/www.mtdc.cl\/index.php?rest_route=\/wp\/v2\/pages\/2951\/revisions"}],"predecessor-version":[{"id":3547,"href":"https:\/\/www.mtdc.cl\/index.php?rest_route=\/wp\/v2\/pages\/2951\/revisions\/3547"}],"wp:attachment":[{"href":"https:\/\/www.mtdc.cl\/index.php?rest_route=%2Fwp%2Fv2%2Fmedia&parent=2951"}],"curies":[{"name":"wp","href":"https:\/\/api.w.org\/{rel}","templated":true}]}}